{"id":27310,"date":"2026-04-29T23:08:48","date_gmt":"2026-04-30T02:08:48","guid":{"rendered":"https:\/\/algohits.com\/loja\/?post_type=product&#038;p=27310"},"modified":"2026-04-29T23:17:16","modified_gmt":"2026-04-30T02:17:16","slug":"bermuda-preta-melton-sello-logo-arco-iris","status":"publish","type":"product","link":"https:\/\/algohits.com\/loja\/produto\/bermuda-preta-melton-sello-logo-arco-iris\/","title":{"rendered":"Bermuda Preta Melton Sello &#8211; Logo Arco \u00cdris"},"content":{"rendered":"<p>A cole\u00e7\u00e3o Melton Sello x Algohits apresentando pe\u00e7as com estampas criadas para a banda<\/p>\n","protected":false},"excerpt":{"rendered":"<p>A cole\u00e7\u00e3o Melton Sello x Algohits apresentando pe\u00e7as com estampas criadas para a banda<\/p>\n","protected":false},"featured_media":27320,"template":"","meta":[],"product_brand":[],"product_cat":[109],"product_tag":[],"artista":[172],"parceiro":[],"class_list":{"0":"post-27310","1":"product","2":"type-product","3":"status-publish","4":"has-post-thumbnail","6":"product_cat-bermuda","7":"artista-melton-sello","9":"first","10":"instock","11":"shipping-taxable","12":"purchasable","13":"product-type-variable"},"_links":{"self":[{"href":"https:\/\/algohits.com\/loja\/wp-json\/wp\/v2\/product\/27310","targetHints":{"allow":["GET"]}}],"collection":[{"href":"https:\/\/algohits.com\/loja\/wp-json\/wp\/v2\/product"}],"about":[{"href":"https:\/\/algohits.com\/loja\/wp-json\/wp\/v2\/types\/product"}],"wp:featuredmedia":[{"embeddable":true,"href":"https:\/\/algohits.com\/loja\/wp-json\/wp\/v2\/media\/27320"}],"wp:attachment":[{"href":"https:\/\/algohits.com\/loja\/wp-json\/wp\/v2\/media?parent=27310"}],"wp:term":[{"taxonomy":"product_brand","embeddable":true,"href":"https:\/\/algohits.com\/loja\/wp-json\/wp\/v2\/product_brand?post=27310"},{"taxonomy":"product_cat","embeddable":true,"href":"https:\/\/algohits.com\/loja\/wp-json\/wp\/v2\/product_cat?post=27310"},{"taxonomy":"product_tag","embeddable":true,"href":"https:\/\/algohits.com\/loja\/wp-json\/wp\/v2\/product_tag?post=27310"},{"taxonomy":"artista","embeddable":true,"href":"https:\/\/algohits.com\/loja\/wp-json\/wp\/v2\/artista?post=27310"},{"taxonomy":"parceiro","embeddable":true,"href":"https:\/\/algohits.com\/loja\/wp-json\/wp\/v2\/parceiro?post=27310"}],"curies":[{"name":"wp","href":"https:\/\/api.w.org\/{rel}","templated":true}]}}