{"id":24225,"date":"2025-08-08T09:56:10","date_gmt":"2025-08-08T12:56:10","guid":{"rendered":"https:\/\/algohits.com\/loja\/?post_type=product&#038;p=24225"},"modified":"2025-10-14T14:46:07","modified_gmt":"2025-10-14T17:46:07","slug":"camiseta-julia-rezende-ponta-cabeca","status":"publish","type":"product","link":"https:\/\/algohits.com\/loja\/produto\/camiseta-julia-rezende-ponta-cabeca\/","title":{"rendered":"Camiseta J\u00falia Rezende &#8211; Ponta Cabe\u00e7a"},"content":{"rendered":"<p><span data-sheets-root=\"1\">Algohits apresenta a Cole\u00e7\u00e3o Oficial especialmente preparada para J\u00falia Rezende, com estampas especiais inspiradas no \u00c1lbum Mundo ao Inverso.<\/span><\/p>\n","protected":false},"excerpt":{"rendered":"<p>Algohits apresenta a Cole\u00e7\u00e3o Oficial especialmente preparada para J\u00falia Rezende, com estampas especiais inspiradas no \u00c1lbum Mundo ao Inverso.<\/p>\n","protected":false},"featured_media":24237,"template":"","meta":[],"product_brand":[],"product_cat":[90],"product_tag":[],"artista":[157],"parceiro":[],"class_list":{"0":"post-24225","1":"product","2":"type-product","3":"status-publish","4":"has-post-thumbnail","6":"product_cat-camiseta","7":"artista-julia-rezende","9":"first","10":"instock","11":"shipping-taxable","12":"purchasable","13":"product-type-variable"},"_links":{"self":[{"href":"https:\/\/algohits.com\/loja\/wp-json\/wp\/v2\/product\/24225","targetHints":{"allow":["GET"]}}],"collection":[{"href":"https:\/\/algohits.com\/loja\/wp-json\/wp\/v2\/product"}],"about":[{"href":"https:\/\/algohits.com\/loja\/wp-json\/wp\/v2\/types\/product"}],"wp:featuredmedia":[{"embeddable":true,"href":"https:\/\/algohits.com\/loja\/wp-json\/wp\/v2\/media\/24237"}],"wp:attachment":[{"href":"https:\/\/algohits.com\/loja\/wp-json\/wp\/v2\/media?parent=24225"}],"wp:term":[{"taxonomy":"product_brand","embeddable":true,"href":"https:\/\/algohits.com\/loja\/wp-json\/wp\/v2\/product_brand?post=24225"},{"taxonomy":"product_cat","embeddable":true,"href":"https:\/\/algohits.com\/loja\/wp-json\/wp\/v2\/product_cat?post=24225"},{"taxonomy":"product_tag","embeddable":true,"href":"https:\/\/algohits.com\/loja\/wp-json\/wp\/v2\/product_tag?post=24225"},{"taxonomy":"artista","embeddable":true,"href":"https:\/\/algohits.com\/loja\/wp-json\/wp\/v2\/artista?post=24225"},{"taxonomy":"parceiro","embeddable":true,"href":"https:\/\/algohits.com\/loja\/wp-json\/wp\/v2\/parceiro?post=24225"}],"curies":[{"name":"wp","href":"https:\/\/api.w.org\/{rel}","templated":true}]}}