{"id":23988,"date":"2025-07-23T21:51:43","date_gmt":"2025-07-24T00:51:43","guid":{"rendered":"https:\/\/algohits.com\/loja\/?post_type=product&#038;p=23988"},"modified":"2026-04-27T20:33:29","modified_gmt":"2026-04-27T23:33:29","slug":"camiseta-zander-sem-fim","status":"publish","type":"product","link":"https:\/\/algohits.com\/loja\/produto\/camiseta-zander-sem-fim\/","title":{"rendered":"Camiseta Zander &#8211; Sem Fim"},"content":{"rendered":"<p><span data-sheets-root=\"1\">Nova cole\u00e7\u00e3o especial Zander x Algohits em comemora\u00e7\u00e3o aos 15 anos do lan\u00e7amento do Alb\u00fam &#8220;Brasa&#8221;! <\/span><\/p>\n","protected":false},"excerpt":{"rendered":"<p>Nova cole\u00e7\u00e3o especial Zander x Algohits em comemora\u00e7\u00e3o aos 15 anos do lan\u00e7amento do Alb\u00fam &#8220;Brasa&#8221;!<\/p>\n","protected":false},"featured_media":23997,"template":"","meta":[],"product_brand":[],"product_cat":[90],"product_tag":[],"artista":[138],"parceiro":[],"class_list":{"0":"post-23988","1":"product","2":"type-product","3":"status-publish","4":"has-post-thumbnail","6":"product_cat-camiseta","7":"artista-zander","9":"first","10":"instock","11":"shipping-taxable","12":"purchasable","13":"product-type-variable"},"_links":{"self":[{"href":"https:\/\/algohits.com\/loja\/wp-json\/wp\/v2\/product\/23988","targetHints":{"allow":["GET"]}}],"collection":[{"href":"https:\/\/algohits.com\/loja\/wp-json\/wp\/v2\/product"}],"about":[{"href":"https:\/\/algohits.com\/loja\/wp-json\/wp\/v2\/types\/product"}],"wp:featuredmedia":[{"embeddable":true,"href":"https:\/\/algohits.com\/loja\/wp-json\/wp\/v2\/media\/23997"}],"wp:attachment":[{"href":"https:\/\/algohits.com\/loja\/wp-json\/wp\/v2\/media?parent=23988"}],"wp:term":[{"taxonomy":"product_brand","embeddable":true,"href":"https:\/\/algohits.com\/loja\/wp-json\/wp\/v2\/product_brand?post=23988"},{"taxonomy":"product_cat","embeddable":true,"href":"https:\/\/algohits.com\/loja\/wp-json\/wp\/v2\/product_cat?post=23988"},{"taxonomy":"product_tag","embeddable":true,"href":"https:\/\/algohits.com\/loja\/wp-json\/wp\/v2\/product_tag?post=23988"},{"taxonomy":"artista","embeddable":true,"href":"https:\/\/algohits.com\/loja\/wp-json\/wp\/v2\/artista?post=23988"},{"taxonomy":"parceiro","embeddable":true,"href":"https:\/\/algohits.com\/loja\/wp-json\/wp\/v2\/parceiro?post=23988"}],"curies":[{"name":"wp","href":"https:\/\/api.w.org\/{rel}","templated":true}]}}