{"id":23865,"date":"2025-07-15T17:54:19","date_gmt":"2025-07-15T20:54:19","guid":{"rendered":"https:\/\/algohits.com\/loja\/?post_type=product&#038;p=23865"},"modified":"2025-08-19T23:30:33","modified_gmt":"2025-08-20T02:30:33","slug":"moletom-careca-estaiada-dinamite-club","status":"publish","type":"product","link":"https:\/\/algohits.com\/loja\/produto\/moletom-careca-estaiada-dinamite-club\/","title":{"rendered":"Moletom Careca &#8211; Estaiada &#8211; Dinamite Club"},"content":{"rendered":"<p><span data-sheets-root=\"1\">A cole\u00e7\u00e3o Dinamite Club x Algohits apresentando pe\u00e7as em comemora\u00e7\u00e3o aos 15 anos de carreira da banda.<\/span><\/p>\n","protected":false},"excerpt":{"rendered":"<p>A cole\u00e7\u00e3o Dinamite Club x Algohits apresentando pe\u00e7as em comemora\u00e7\u00e3o aos 15 anos de carreira da banda.<\/p>\n","protected":false},"featured_media":23874,"template":"","meta":[],"product_brand":[],"product_cat":[111],"product_tag":[],"artista":[155],"parceiro":[],"class_list":{"0":"post-23865","1":"product","2":"type-product","3":"status-publish","4":"has-post-thumbnail","6":"product_cat-moletom","7":"artista-dinamite-club","9":"first","10":"instock","11":"shipping-taxable","12":"purchasable","13":"product-type-variable"},"_links":{"self":[{"href":"https:\/\/algohits.com\/loja\/wp-json\/wp\/v2\/product\/23865","targetHints":{"allow":["GET"]}}],"collection":[{"href":"https:\/\/algohits.com\/loja\/wp-json\/wp\/v2\/product"}],"about":[{"href":"https:\/\/algohits.com\/loja\/wp-json\/wp\/v2\/types\/product"}],"wp:featuredmedia":[{"embeddable":true,"href":"https:\/\/algohits.com\/loja\/wp-json\/wp\/v2\/media\/23874"}],"wp:attachment":[{"href":"https:\/\/algohits.com\/loja\/wp-json\/wp\/v2\/media?parent=23865"}],"wp:term":[{"taxonomy":"product_brand","embeddable":true,"href":"https:\/\/algohits.com\/loja\/wp-json\/wp\/v2\/product_brand?post=23865"},{"taxonomy":"product_cat","embeddable":true,"href":"https:\/\/algohits.com\/loja\/wp-json\/wp\/v2\/product_cat?post=23865"},{"taxonomy":"product_tag","embeddable":true,"href":"https:\/\/algohits.com\/loja\/wp-json\/wp\/v2\/product_tag?post=23865"},{"taxonomy":"artista","embeddable":true,"href":"https:\/\/algohits.com\/loja\/wp-json\/wp\/v2\/artista?post=23865"},{"taxonomy":"parceiro","embeddable":true,"href":"https:\/\/algohits.com\/loja\/wp-json\/wp\/v2\/parceiro?post=23865"}],"curies":[{"name":"wp","href":"https:\/\/api.w.org\/{rel}","templated":true}]}}