{"id":23320,"date":"2025-06-06T19:14:29","date_gmt":"2025-06-06T22:14:29","guid":{"rendered":"https:\/\/algohits.com\/loja\/?post_type=product&#038;p=23320"},"modified":"2025-06-06T19:16:53","modified_gmt":"2025-06-06T22:16:53","slug":"bone-seu-cuca-mais-amor","status":"publish","type":"product","link":"https:\/\/algohits.com\/loja\/produto\/bone-seu-cuca-mais-amor\/","title":{"rendered":"Bon\u00e9 Seu Cuca &#8211; Mais Amor"},"content":{"rendered":"<p><span data-sheets-root=\"1\">Algohits apresenta a cole\u00e7\u00e3o Oficial da Banda Seu Cuca, com estampas especiais criadas pela banda diretamente para seus f\u00e3s.<\/span><\/p>\n","protected":false},"excerpt":{"rendered":"<p>Algohits apresenta a cole\u00e7\u00e3o Oficial da Banda Seu Cuca, com estampas especiais criadas pela banda diretamente para seus f\u00e3s.<\/p>\n","protected":false},"featured_media":23324,"template":"","meta":[],"product_brand":[],"product_cat":[118],"product_tag":[],"artista":[154],"parceiro":[],"class_list":{"0":"post-23320","1":"product","2":"type-product","3":"status-publish","4":"has-post-thumbnail","6":"product_cat-bone","7":"artista-seu-cuca","9":"first","10":"instock","11":"shipping-taxable","12":"purchasable","13":"product-type-simple"},"_links":{"self":[{"href":"https:\/\/algohits.com\/loja\/wp-json\/wp\/v2\/product\/23320","targetHints":{"allow":["GET"]}}],"collection":[{"href":"https:\/\/algohits.com\/loja\/wp-json\/wp\/v2\/product"}],"about":[{"href":"https:\/\/algohits.com\/loja\/wp-json\/wp\/v2\/types\/product"}],"wp:featuredmedia":[{"embeddable":true,"href":"https:\/\/algohits.com\/loja\/wp-json\/wp\/v2\/media\/23324"}],"wp:attachment":[{"href":"https:\/\/algohits.com\/loja\/wp-json\/wp\/v2\/media?parent=23320"}],"wp:term":[{"taxonomy":"product_brand","embeddable":true,"href":"https:\/\/algohits.com\/loja\/wp-json\/wp\/v2\/product_brand?post=23320"},{"taxonomy":"product_cat","embeddable":true,"href":"https:\/\/algohits.com\/loja\/wp-json\/wp\/v2\/product_cat?post=23320"},{"taxonomy":"product_tag","embeddable":true,"href":"https:\/\/algohits.com\/loja\/wp-json\/wp\/v2\/product_tag?post=23320"},{"taxonomy":"artista","embeddable":true,"href":"https:\/\/algohits.com\/loja\/wp-json\/wp\/v2\/artista?post=23320"},{"taxonomy":"parceiro","embeddable":true,"href":"https:\/\/algohits.com\/loja\/wp-json\/wp\/v2\/parceiro?post=23320"}],"curies":[{"name":"wp","href":"https:\/\/api.w.org\/{rel}","templated":true}]}}