{"id":23274,"date":"2025-06-06T18:55:04","date_gmt":"2025-06-06T21:55:04","guid":{"rendered":"https:\/\/algohits.com\/loja\/?post_type=product&#038;p=23274"},"modified":"2025-09-02T15:24:35","modified_gmt":"2025-09-02T18:24:35","slug":"camiseta-seu-cuca-farol","status":"publish","type":"product","link":"https:\/\/algohits.com\/loja\/produto\/camiseta-seu-cuca-farol\/","title":{"rendered":"Camiseta Seu Cuca &#8211; Farol"},"content":{"rendered":"<p><span data-sheets-root=\"1\">Algohits apresenta a cole\u00e7\u00e3o Oficial da Banda Seu Cuca, com estampas especiais criadas pela banda diretamente para seus f\u00e3s.<\/span><\/p>\n","protected":false},"excerpt":{"rendered":"<p>Algohits apresenta a cole\u00e7\u00e3o Oficial da Banda Seu Cuca, com estampas especiais criadas pela banda diretamente para seus f\u00e3s.<\/p>\n","protected":false},"featured_media":23272,"template":"","meta":[],"product_brand":[],"product_cat":[90],"product_tag":[],"artista":[154],"parceiro":[],"class_list":{"0":"post-23274","1":"product","2":"type-product","3":"status-publish","4":"has-post-thumbnail","6":"product_cat-camiseta","7":"artista-seu-cuca","9":"first","10":"instock","11":"shipping-taxable","12":"purchasable","13":"product-type-variable"},"_links":{"self":[{"href":"https:\/\/algohits.com\/loja\/wp-json\/wp\/v2\/product\/23274","targetHints":{"allow":["GET"]}}],"collection":[{"href":"https:\/\/algohits.com\/loja\/wp-json\/wp\/v2\/product"}],"about":[{"href":"https:\/\/algohits.com\/loja\/wp-json\/wp\/v2\/types\/product"}],"wp:featuredmedia":[{"embeddable":true,"href":"https:\/\/algohits.com\/loja\/wp-json\/wp\/v2\/media\/23272"}],"wp:attachment":[{"href":"https:\/\/algohits.com\/loja\/wp-json\/wp\/v2\/media?parent=23274"}],"wp:term":[{"taxonomy":"product_brand","embeddable":true,"href":"https:\/\/algohits.com\/loja\/wp-json\/wp\/v2\/product_brand?post=23274"},{"taxonomy":"product_cat","embeddable":true,"href":"https:\/\/algohits.com\/loja\/wp-json\/wp\/v2\/product_cat?post=23274"},{"taxonomy":"product_tag","embeddable":true,"href":"https:\/\/algohits.com\/loja\/wp-json\/wp\/v2\/product_tag?post=23274"},{"taxonomy":"artista","embeddable":true,"href":"https:\/\/algohits.com\/loja\/wp-json\/wp\/v2\/artista?post=23274"},{"taxonomy":"parceiro","embeddable":true,"href":"https:\/\/algohits.com\/loja\/wp-json\/wp\/v2\/parceiro?post=23274"}],"curies":[{"name":"wp","href":"https:\/\/api.w.org\/{rel}","templated":true}]}}