{"id":22885,"date":"2025-05-21T19:15:36","date_gmt":"2025-05-21T22:15:36","guid":{"rendered":"https:\/\/algohits.com\/loja\/?post_type=product&#038;p=22885"},"modified":"2025-06-24T15:30:21","modified_gmt":"2025-06-24T18:30:21","slug":"camiseta-23-anos-villa-country","status":"publish","type":"product","link":"https:\/\/algohits.com\/loja\/produto\/camiseta-23-anos-villa-country\/","title":{"rendered":"Camiseta 23 Anos &#8211; Villa Country"},"content":{"rendered":"<p>Camiseta exclusiva em comemora\u00e7\u00e3o aos 23 anos da casa mais sertaneja de SP.<\/p>\n<p>Ilustra\u00e7\u00e3o: @jonas_santos86<\/p>\n","protected":false},"excerpt":{"rendered":"<p>Camiseta exclusiva em comemora\u00e7\u00e3o aos 23 anos da casa mais sertaneja de SP. Ilustra\u00e7\u00e3o: @jonas_santos86<\/p>\n","protected":false},"featured_media":22883,"template":"","meta":[],"product_brand":[],"product_cat":[90],"product_tag":[],"artista":[],"parceiro":[151],"class_list":{"0":"post-22885","1":"product","2":"type-product","3":"status-publish","4":"has-post-thumbnail","6":"product_cat-camiseta","7":"parceiro-villa-country","9":"first","10":"instock","11":"shipping-taxable","12":"purchasable","13":"product-type-variable"},"_links":{"self":[{"href":"https:\/\/algohits.com\/loja\/wp-json\/wp\/v2\/product\/22885","targetHints":{"allow":["GET"]}}],"collection":[{"href":"https:\/\/algohits.com\/loja\/wp-json\/wp\/v2\/product"}],"about":[{"href":"https:\/\/algohits.com\/loja\/wp-json\/wp\/v2\/types\/product"}],"wp:featuredmedia":[{"embeddable":true,"href":"https:\/\/algohits.com\/loja\/wp-json\/wp\/v2\/media\/22883"}],"wp:attachment":[{"href":"https:\/\/algohits.com\/loja\/wp-json\/wp\/v2\/media?parent=22885"}],"wp:term":[{"taxonomy":"product_brand","embeddable":true,"href":"https:\/\/algohits.com\/loja\/wp-json\/wp\/v2\/product_brand?post=22885"},{"taxonomy":"product_cat","embeddable":true,"href":"https:\/\/algohits.com\/loja\/wp-json\/wp\/v2\/product_cat?post=22885"},{"taxonomy":"product_tag","embeddable":true,"href":"https:\/\/algohits.com\/loja\/wp-json\/wp\/v2\/product_tag?post=22885"},{"taxonomy":"artista","embeddable":true,"href":"https:\/\/algohits.com\/loja\/wp-json\/wp\/v2\/artista?post=22885"},{"taxonomy":"parceiro","embeddable":true,"href":"https:\/\/algohits.com\/loja\/wp-json\/wp\/v2\/parceiro?post=22885"}],"curies":[{"name":"wp","href":"https:\/\/api.w.org\/{rel}","templated":true}]}}