{"id":22723,"date":"2025-05-09T19:42:46","date_gmt":"2025-05-09T22:42:46","guid":{"rendered":"https:\/\/algohits.com\/loja\/?post_type=product&#038;p=22723"},"modified":"2026-02-09T01:49:01","modified_gmt":"2026-02-09T04:49:01","slug":"camiseta-purple-haze-dharma-numb","status":"publish","type":"product","link":"https:\/\/algohits.com\/loja\/produto\/camiseta-purple-haze-dharma-numb\/","title":{"rendered":"Camiseta Purple Haze &#8211; Dharma Numb"},"content":{"rendered":"<p>A cole\u00e7\u00e3o Dharma Numb x Algohits apresentando pe\u00e7as com estampas criadas para a banda<\/p>\n","protected":false},"excerpt":{"rendered":"<p>A cole\u00e7\u00e3o Dharma Numb x Algohits apresentando pe\u00e7as com estampas criadas para a banda<\/p>\n","protected":false},"featured_media":22731,"template":"","meta":[],"product_brand":[],"product_cat":[90],"product_tag":[],"artista":[140],"parceiro":[],"class_list":{"0":"post-22723","1":"product","2":"type-product","3":"status-publish","4":"has-post-thumbnail","6":"product_cat-camiseta","7":"artista-dharma-numb","9":"first","10":"instock","11":"shipping-taxable","12":"purchasable","13":"product-type-variable"},"_links":{"self":[{"href":"https:\/\/algohits.com\/loja\/wp-json\/wp\/v2\/product\/22723","targetHints":{"allow":["GET"]}}],"collection":[{"href":"https:\/\/algohits.com\/loja\/wp-json\/wp\/v2\/product"}],"about":[{"href":"https:\/\/algohits.com\/loja\/wp-json\/wp\/v2\/types\/product"}],"wp:featuredmedia":[{"embeddable":true,"href":"https:\/\/algohits.com\/loja\/wp-json\/wp\/v2\/media\/22731"}],"wp:attachment":[{"href":"https:\/\/algohits.com\/loja\/wp-json\/wp\/v2\/media?parent=22723"}],"wp:term":[{"taxonomy":"product_brand","embeddable":true,"href":"https:\/\/algohits.com\/loja\/wp-json\/wp\/v2\/product_brand?post=22723"},{"taxonomy":"product_cat","embeddable":true,"href":"https:\/\/algohits.com\/loja\/wp-json\/wp\/v2\/product_cat?post=22723"},{"taxonomy":"product_tag","embeddable":true,"href":"https:\/\/algohits.com\/loja\/wp-json\/wp\/v2\/product_tag?post=22723"},{"taxonomy":"artista","embeddable":true,"href":"https:\/\/algohits.com\/loja\/wp-json\/wp\/v2\/artista?post=22723"},{"taxonomy":"parceiro","embeddable":true,"href":"https:\/\/algohits.com\/loja\/wp-json\/wp\/v2\/parceiro?post=22723"}],"curies":[{"name":"wp","href":"https:\/\/api.w.org\/{rel}","templated":true}]}}