{"id":22452,"date":"2025-04-28T15:38:30","date_gmt":"2025-04-28T18:38:30","guid":{"rendered":"https:\/\/algohits.com\/loja\/?post_type=product&#038;p=22452"},"modified":"2026-02-23T16:23:58","modified_gmt":"2026-02-23T19:23:58","slug":"bone-5-panel-gritando-hc","status":"publish","type":"product","link":"https:\/\/algohits.com\/loja\/produto\/bone-5-panel-gritando-hc\/","title":{"rendered":"Bon\u00e9 5 Panel &#8211; Gritando HC"},"content":{"rendered":"<p>A cole\u00e7\u00e3o Gritando HC x Algohits apresentando pe\u00e7as com estampas criadas para o lan\u00e7amento do mais novo album da banda<\/p>\n","protected":false},"excerpt":{"rendered":"<p>A cole\u00e7\u00e3o Gritando HC x Algohits apresentando pe\u00e7as com estampas criadas para o lan\u00e7amento do mais novo album da banda<\/p>\n","protected":false},"featured_media":22453,"template":"","meta":[],"product_brand":[],"product_cat":[118],"product_tag":[],"artista":[149],"parceiro":[],"class_list":{"0":"post-22452","1":"product","2":"type-product","3":"status-publish","4":"has-post-thumbnail","6":"product_cat-bone","7":"artista-gritando-hc","9":"first","10":"outofstock","11":"shipping-taxable","12":"purchasable","13":"product-type-simple"},"_links":{"self":[{"href":"https:\/\/algohits.com\/loja\/wp-json\/wp\/v2\/product\/22452","targetHints":{"allow":["GET"]}}],"collection":[{"href":"https:\/\/algohits.com\/loja\/wp-json\/wp\/v2\/product"}],"about":[{"href":"https:\/\/algohits.com\/loja\/wp-json\/wp\/v2\/types\/product"}],"wp:featuredmedia":[{"embeddable":true,"href":"https:\/\/algohits.com\/loja\/wp-json\/wp\/v2\/media\/22453"}],"wp:attachment":[{"href":"https:\/\/algohits.com\/loja\/wp-json\/wp\/v2\/media?parent=22452"}],"wp:term":[{"taxonomy":"product_brand","embeddable":true,"href":"https:\/\/algohits.com\/loja\/wp-json\/wp\/v2\/product_brand?post=22452"},{"taxonomy":"product_cat","embeddable":true,"href":"https:\/\/algohits.com\/loja\/wp-json\/wp\/v2\/product_cat?post=22452"},{"taxonomy":"product_tag","embeddable":true,"href":"https:\/\/algohits.com\/loja\/wp-json\/wp\/v2\/product_tag?post=22452"},{"taxonomy":"artista","embeddable":true,"href":"https:\/\/algohits.com\/loja\/wp-json\/wp\/v2\/artista?post=22452"},{"taxonomy":"parceiro","embeddable":true,"href":"https:\/\/algohits.com\/loja\/wp-json\/wp\/v2\/parceiro?post=22452"}],"curies":[{"name":"wp","href":"https:\/\/api.w.org\/{rel}","templated":true}]}}