{"id":22408,"date":"2025-04-28T15:18:23","date_gmt":"2025-04-28T18:18:23","guid":{"rendered":"https:\/\/algohits.com\/loja\/?post_type=product&#038;p=22408"},"modified":"2025-12-09T12:47:48","modified_gmt":"2025-12-09T15:47:48","slug":"camiseta-punk-gritando-hc","status":"publish","type":"product","link":"https:\/\/algohits.com\/loja\/produto\/camiseta-punk-gritando-hc\/","title":{"rendered":"Camiseta Punk &#8211; Gritando HC"},"content":{"rendered":"<p>A cole\u00e7\u00e3o Gritando HC x Algohits apresentando pe\u00e7as com estampas criadas para o lan\u00e7amento do mais novo album da banda<\/p>\n","protected":false},"excerpt":{"rendered":"<p>A cole\u00e7\u00e3o Gritando HC x Algohits apresentando pe\u00e7as com estampas criadas para o lan\u00e7amento do mais novo album da banda<\/p>\n","protected":false},"featured_media":22414,"template":"","meta":[],"product_brand":[],"product_cat":[90],"product_tag":[],"artista":[149],"parceiro":[],"class_list":{"0":"post-22408","1":"product","2":"type-product","3":"status-publish","4":"has-post-thumbnail","6":"product_cat-camiseta","7":"artista-gritando-hc","9":"first","10":"instock","11":"shipping-taxable","12":"purchasable","13":"product-type-variable"},"_links":{"self":[{"href":"https:\/\/algohits.com\/loja\/wp-json\/wp\/v2\/product\/22408","targetHints":{"allow":["GET"]}}],"collection":[{"href":"https:\/\/algohits.com\/loja\/wp-json\/wp\/v2\/product"}],"about":[{"href":"https:\/\/algohits.com\/loja\/wp-json\/wp\/v2\/types\/product"}],"wp:featuredmedia":[{"embeddable":true,"href":"https:\/\/algohits.com\/loja\/wp-json\/wp\/v2\/media\/22414"}],"wp:attachment":[{"href":"https:\/\/algohits.com\/loja\/wp-json\/wp\/v2\/media?parent=22408"}],"wp:term":[{"taxonomy":"product_brand","embeddable":true,"href":"https:\/\/algohits.com\/loja\/wp-json\/wp\/v2\/product_brand?post=22408"},{"taxonomy":"product_cat","embeddable":true,"href":"https:\/\/algohits.com\/loja\/wp-json\/wp\/v2\/product_cat?post=22408"},{"taxonomy":"product_tag","embeddable":true,"href":"https:\/\/algohits.com\/loja\/wp-json\/wp\/v2\/product_tag?post=22408"},{"taxonomy":"artista","embeddable":true,"href":"https:\/\/algohits.com\/loja\/wp-json\/wp\/v2\/artista?post=22408"},{"taxonomy":"parceiro","embeddable":true,"href":"https:\/\/algohits.com\/loja\/wp-json\/wp\/v2\/parceiro?post=22408"}],"curies":[{"name":"wp","href":"https:\/\/api.w.org\/{rel}","templated":true}]}}