{"id":22277,"date":"2025-04-17T14:14:49","date_gmt":"2025-04-17T17:14:49","guid":{"rendered":"https:\/\/algohits.com\/loja\/?post_type=product&#038;p=22277"},"modified":"2025-04-22T09:32:14","modified_gmt":"2025-04-22T12:32:14","slug":"camiseta-biquini-cynthia-luz","status":"publish","type":"product","link":"https:\/\/algohits.com\/loja\/produto\/camiseta-biquini-cynthia-luz\/","title":{"rendered":"Camiseta Biquini &#8211; Cynthia Luz"},"content":{"rendered":"<p>A cole\u00e7\u00e3o da Cynthia Luz x Algohits apresentando pe\u00e7as exclusivas.<\/p>\n<p>Composi\u00e7\u00e3o 100% algod\u00e3o<\/p>\n","protected":false},"excerpt":{"rendered":"<p>A cole\u00e7\u00e3o da Cynthia Luz x Algohits apresentando pe\u00e7as exclusivas. Composi\u00e7\u00e3o 100% algod\u00e3o<\/p>\n","protected":false},"featured_media":22299,"template":"","meta":[],"product_brand":[],"product_cat":[90],"product_tag":[],"artista":[116],"parceiro":[],"class_list":{"0":"post-22277","1":"product","2":"type-product","3":"status-publish","4":"has-post-thumbnail","6":"product_cat-camiseta","7":"artista-cynthia-luz","9":"first","10":"instock","11":"shipping-taxable","12":"purchasable","13":"product-type-variable"},"_links":{"self":[{"href":"https:\/\/algohits.com\/loja\/wp-json\/wp\/v2\/product\/22277","targetHints":{"allow":["GET"]}}],"collection":[{"href":"https:\/\/algohits.com\/loja\/wp-json\/wp\/v2\/product"}],"about":[{"href":"https:\/\/algohits.com\/loja\/wp-json\/wp\/v2\/types\/product"}],"wp:featuredmedia":[{"embeddable":true,"href":"https:\/\/algohits.com\/loja\/wp-json\/wp\/v2\/media\/22299"}],"wp:attachment":[{"href":"https:\/\/algohits.com\/loja\/wp-json\/wp\/v2\/media?parent=22277"}],"wp:term":[{"taxonomy":"product_brand","embeddable":true,"href":"https:\/\/algohits.com\/loja\/wp-json\/wp\/v2\/product_brand?post=22277"},{"taxonomy":"product_cat","embeddable":true,"href":"https:\/\/algohits.com\/loja\/wp-json\/wp\/v2\/product_cat?post=22277"},{"taxonomy":"product_tag","embeddable":true,"href":"https:\/\/algohits.com\/loja\/wp-json\/wp\/v2\/product_tag?post=22277"},{"taxonomy":"artista","embeddable":true,"href":"https:\/\/algohits.com\/loja\/wp-json\/wp\/v2\/artista?post=22277"},{"taxonomy":"parceiro","embeddable":true,"href":"https:\/\/algohits.com\/loja\/wp-json\/wp\/v2\/parceiro?post=22277"}],"curies":[{"name":"wp","href":"https:\/\/api.w.org\/{rel}","templated":true}]}}