{"id":22035,"date":"2025-04-09T14:34:33","date_gmt":"2025-04-09T17:34:33","guid":{"rendered":"https:\/\/algohits.com\/loja\/?post_type=product&#038;p=22035"},"modified":"2025-04-10T14:58:44","modified_gmt":"2025-04-10T17:58:44","slug":"camiseta-metade-metade-de-mim","status":"publish","type":"product","link":"https:\/\/algohits.com\/loja\/produto\/camiseta-metade-metade-de-mim\/","title":{"rendered":"Camiseta Metade &#8211; Metade de Mim"},"content":{"rendered":"<p>A cole\u00e7\u00e3o Metade de Mim x Algohits apresentando pe\u00e7as com estampas criadas para a banda<\/p>\n","protected":false},"excerpt":{"rendered":"<p>A cole\u00e7\u00e3o Metade de Mim x Algohits apresentando pe\u00e7as com estampas criadas para a banda<\/p>\n","protected":false},"featured_media":22043,"template":"","meta":[],"product_brand":[],"product_cat":[90],"product_tag":[],"artista":[104],"parceiro":[],"class_list":{"0":"post-22035","1":"product","2":"type-product","3":"status-publish","4":"has-post-thumbnail","6":"product_cat-camiseta","7":"artista-metade-de-mim","9":"first","10":"instock","11":"shipping-taxable","12":"purchasable","13":"product-type-variable"},"_links":{"self":[{"href":"https:\/\/algohits.com\/loja\/wp-json\/wp\/v2\/product\/22035","targetHints":{"allow":["GET"]}}],"collection":[{"href":"https:\/\/algohits.com\/loja\/wp-json\/wp\/v2\/product"}],"about":[{"href":"https:\/\/algohits.com\/loja\/wp-json\/wp\/v2\/types\/product"}],"wp:featuredmedia":[{"embeddable":true,"href":"https:\/\/algohits.com\/loja\/wp-json\/wp\/v2\/media\/22043"}],"wp:attachment":[{"href":"https:\/\/algohits.com\/loja\/wp-json\/wp\/v2\/media?parent=22035"}],"wp:term":[{"taxonomy":"product_brand","embeddable":true,"href":"https:\/\/algohits.com\/loja\/wp-json\/wp\/v2\/product_brand?post=22035"},{"taxonomy":"product_cat","embeddable":true,"href":"https:\/\/algohits.com\/loja\/wp-json\/wp\/v2\/product_cat?post=22035"},{"taxonomy":"product_tag","embeddable":true,"href":"https:\/\/algohits.com\/loja\/wp-json\/wp\/v2\/product_tag?post=22035"},{"taxonomy":"artista","embeddable":true,"href":"https:\/\/algohits.com\/loja\/wp-json\/wp\/v2\/artista?post=22035"},{"taxonomy":"parceiro","embeddable":true,"href":"https:\/\/algohits.com\/loja\/wp-json\/wp\/v2\/parceiro?post=22035"}],"curies":[{"name":"wp","href":"https:\/\/api.w.org\/{rel}","templated":true}]}}