{"id":21813,"date":"2025-04-01T15:00:57","date_gmt":"2025-04-01T18:00:57","guid":{"rendered":"https:\/\/algohits.com\/loja\/?post_type=product&#038;p=21813"},"modified":"2026-04-15T07:39:55","modified_gmt":"2026-04-15T10:39:55","slug":"bone-trucker-asfalto-dead-fish","status":"publish","type":"product","link":"https:\/\/algohits.com\/loja\/produto\/bone-trucker-asfalto-dead-fish\/","title":{"rendered":"Bon\u00e9 Trucker ASFALTO &#8211; Dead Fish"},"content":{"rendered":"<p>Dead Fish x Algohits apresentam a nova cole\u00e7\u00e3o comemorativa aos 34 anos de carreira da banda, com estampas especialmente desenvolvidas por grandes artistas para f\u00e3s de todas as gera\u00e7\u00f5es.<\/p>\n","protected":false},"excerpt":{"rendered":"<p>Dead Fish x Algohits apresentam a nova cole\u00e7\u00e3o comemorativa aos 34 anos de carreira da banda, com estampas especialmente desenvolvidas por grandes [&hellip;]<\/p>\n","protected":false},"featured_media":21816,"template":"","meta":[],"product_brand":[],"product_cat":[118],"product_tag":[],"artista":[120],"parceiro":[],"class_list":{"0":"post-21813","1":"product","2":"type-product","3":"status-publish","4":"has-post-thumbnail","6":"product_cat-bone","7":"artista-dead-fish","9":"first","10":"instock","11":"shipping-taxable","12":"purchasable","13":"product-type-simple"},"_links":{"self":[{"href":"https:\/\/algohits.com\/loja\/wp-json\/wp\/v2\/product\/21813","targetHints":{"allow":["GET"]}}],"collection":[{"href":"https:\/\/algohits.com\/loja\/wp-json\/wp\/v2\/product"}],"about":[{"href":"https:\/\/algohits.com\/loja\/wp-json\/wp\/v2\/types\/product"}],"wp:featuredmedia":[{"embeddable":true,"href":"https:\/\/algohits.com\/loja\/wp-json\/wp\/v2\/media\/21816"}],"wp:attachment":[{"href":"https:\/\/algohits.com\/loja\/wp-json\/wp\/v2\/media?parent=21813"}],"wp:term":[{"taxonomy":"product_brand","embeddable":true,"href":"https:\/\/algohits.com\/loja\/wp-json\/wp\/v2\/product_brand?post=21813"},{"taxonomy":"product_cat","embeddable":true,"href":"https:\/\/algohits.com\/loja\/wp-json\/wp\/v2\/product_cat?post=21813"},{"taxonomy":"product_tag","embeddable":true,"href":"https:\/\/algohits.com\/loja\/wp-json\/wp\/v2\/product_tag?post=21813"},{"taxonomy":"artista","embeddable":true,"href":"https:\/\/algohits.com\/loja\/wp-json\/wp\/v2\/artista?post=21813"},{"taxonomy":"parceiro","embeddable":true,"href":"https:\/\/algohits.com\/loja\/wp-json\/wp\/v2\/parceiro?post=21813"}],"curies":[{"name":"wp","href":"https:\/\/api.w.org\/{rel}","templated":true}]}}