{"id":21516,"date":"2025-04-01T10:52:54","date_gmt":"2025-04-01T13:52:54","guid":{"rendered":"https:\/\/algohits.com\/loja\/?post_type=product&#038;p=21516"},"modified":"2026-01-07T10:02:36","modified_gmt":"2026-01-07T13:02:36","slug":"corta-vento-afasia-dead-fish","status":"publish","type":"product","link":"https:\/\/algohits.com\/loja\/produto\/corta-vento-afasia-dead-fish\/","title":{"rendered":"Corta Vento AFASIA &#8211; Dead Fish"},"content":{"rendered":"<p>Dead Fish x Algohits apresentam a nova cole\u00e7\u00e3o comemorativa aos 34 anos de carreira da banda, com estampas especialmente desenvolvidas por grandes artistas para f\u00e3s de todas as gera\u00e7\u00f5es.<\/p>\n","protected":false},"excerpt":{"rendered":"<p>Dead Fish x Algohits apresentam a nova cole\u00e7\u00e3o comemorativa aos 34 anos de carreira da banda, com estampas especialmente desenvolvidas por grandes [&hellip;]<\/p>\n","protected":false},"featured_media":21532,"template":"","meta":[],"product_brand":[],"product_cat":[128],"product_tag":[],"artista":[120],"parceiro":[],"class_list":{"0":"post-21516","1":"product","2":"type-product","3":"status-publish","4":"has-post-thumbnail","6":"product_cat-corta-vento","7":"artista-dead-fish","9":"first","10":"instock","11":"shipping-taxable","12":"purchasable","13":"product-type-variable"},"_links":{"self":[{"href":"https:\/\/algohits.com\/loja\/wp-json\/wp\/v2\/product\/21516","targetHints":{"allow":["GET"]}}],"collection":[{"href":"https:\/\/algohits.com\/loja\/wp-json\/wp\/v2\/product"}],"about":[{"href":"https:\/\/algohits.com\/loja\/wp-json\/wp\/v2\/types\/product"}],"wp:featuredmedia":[{"embeddable":true,"href":"https:\/\/algohits.com\/loja\/wp-json\/wp\/v2\/media\/21532"}],"wp:attachment":[{"href":"https:\/\/algohits.com\/loja\/wp-json\/wp\/v2\/media?parent=21516"}],"wp:term":[{"taxonomy":"product_brand","embeddable":true,"href":"https:\/\/algohits.com\/loja\/wp-json\/wp\/v2\/product_brand?post=21516"},{"taxonomy":"product_cat","embeddable":true,"href":"https:\/\/algohits.com\/loja\/wp-json\/wp\/v2\/product_cat?post=21516"},{"taxonomy":"product_tag","embeddable":true,"href":"https:\/\/algohits.com\/loja\/wp-json\/wp\/v2\/product_tag?post=21516"},{"taxonomy":"artista","embeddable":true,"href":"https:\/\/algohits.com\/loja\/wp-json\/wp\/v2\/artista?post=21516"},{"taxonomy":"parceiro","embeddable":true,"href":"https:\/\/algohits.com\/loja\/wp-json\/wp\/v2\/parceiro?post=21516"}],"curies":[{"name":"wp","href":"https:\/\/api.w.org\/{rel}","templated":true}]}}