{"id":21309,"date":"2025-03-26T14:12:43","date_gmt":"2025-03-26T17:12:43","guid":{"rendered":"https:\/\/algohits.com\/loja\/?post_type=product&#038;p=21309"},"modified":"2026-04-08T21:14:43","modified_gmt":"2026-04-09T00:14:43","slug":"camiseta-dentes-amarelos-34-anos-dead-fish","status":"publish","type":"product","link":"https:\/\/algohits.com\/loja\/produto\/camiseta-dentes-amarelos-34-anos-dead-fish\/","title":{"rendered":"Camiseta DENTES AMARELOS &#8211; 34 ANOS &#8211; Dead Fish"},"content":{"rendered":"<p>Dead Fish x Algohits apresentam a nova cole\u00e7\u00e3o comemorativa aos 34 anos de carreira da banda, com estampas especialmente desenvolvidas por grandes artistas para f\u00e3s de todas as gera\u00e7\u00f5es. Arte por W. Loud<\/p>\n","protected":false},"excerpt":{"rendered":"<p>Dead Fish x Algohits apresentam a nova cole\u00e7\u00e3o comemorativa aos 34 anos de carreira da banda, com estampas especialmente desenvolvidas por grandes [&hellip;]<\/p>\n","protected":false},"featured_media":21317,"template":"","meta":[],"product_brand":[],"product_cat":[90],"product_tag":[],"artista":[120],"parceiro":[],"class_list":{"0":"post-21309","1":"product","2":"type-product","3":"status-publish","4":"has-post-thumbnail","6":"product_cat-camiseta","7":"artista-dead-fish","9":"first","10":"instock","11":"shipping-taxable","12":"purchasable","13":"product-type-variable"},"_links":{"self":[{"href":"https:\/\/algohits.com\/loja\/wp-json\/wp\/v2\/product\/21309","targetHints":{"allow":["GET"]}}],"collection":[{"href":"https:\/\/algohits.com\/loja\/wp-json\/wp\/v2\/product"}],"about":[{"href":"https:\/\/algohits.com\/loja\/wp-json\/wp\/v2\/types\/product"}],"wp:featuredmedia":[{"embeddable":true,"href":"https:\/\/algohits.com\/loja\/wp-json\/wp\/v2\/media\/21317"}],"wp:attachment":[{"href":"https:\/\/algohits.com\/loja\/wp-json\/wp\/v2\/media?parent=21309"}],"wp:term":[{"taxonomy":"product_brand","embeddable":true,"href":"https:\/\/algohits.com\/loja\/wp-json\/wp\/v2\/product_brand?post=21309"},{"taxonomy":"product_cat","embeddable":true,"href":"https:\/\/algohits.com\/loja\/wp-json\/wp\/v2\/product_cat?post=21309"},{"taxonomy":"product_tag","embeddable":true,"href":"https:\/\/algohits.com\/loja\/wp-json\/wp\/v2\/product_tag?post=21309"},{"taxonomy":"artista","embeddable":true,"href":"https:\/\/algohits.com\/loja\/wp-json\/wp\/v2\/artista?post=21309"},{"taxonomy":"parceiro","embeddable":true,"href":"https:\/\/algohits.com\/loja\/wp-json\/wp\/v2\/parceiro?post=21309"}],"curies":[{"name":"wp","href":"https:\/\/api.w.org\/{rel}","templated":true}]}}