{"id":21022,"date":"2025-03-17T14:01:12","date_gmt":"2025-03-17T17:01:12","guid":{"rendered":"https:\/\/algohits.com\/loja\/?post_type=product&#038;p=21022"},"modified":"2025-08-27T12:49:23","modified_gmt":"2025-08-27T15:49:23","slug":"bone-5-panel-horace-green","status":"publish","type":"product","link":"https:\/\/algohits.com\/loja\/produto\/bone-5-panel-horace-green\/","title":{"rendered":"Bon\u00e9 5 Panel &#8211; Horace Green"},"content":{"rendered":"<p><span data-sheets-root=\"1\"> A cole\u00e7\u00e3o Horace Green x Algohits apresentando pe\u00e7as com estampas criadas para a banda<\/span><\/p>\n","protected":false},"excerpt":{"rendered":"<p>A cole\u00e7\u00e3o Horace Green x Algohits apresentando pe\u00e7as com estampas criadas para a banda<\/p>\n","protected":false},"featured_media":21029,"template":"","meta":[],"product_brand":[],"product_cat":[118],"product_tag":[],"artista":[147],"parceiro":[],"class_list":{"0":"post-21022","1":"product","2":"type-product","3":"status-publish","4":"has-post-thumbnail","6":"product_cat-bone","7":"artista-horace-green","9":"first","10":"instock","11":"shipping-taxable","12":"purchasable","13":"product-type-variable"},"_links":{"self":[{"href":"https:\/\/algohits.com\/loja\/wp-json\/wp\/v2\/product\/21022","targetHints":{"allow":["GET"]}}],"collection":[{"href":"https:\/\/algohits.com\/loja\/wp-json\/wp\/v2\/product"}],"about":[{"href":"https:\/\/algohits.com\/loja\/wp-json\/wp\/v2\/types\/product"}],"wp:featuredmedia":[{"embeddable":true,"href":"https:\/\/algohits.com\/loja\/wp-json\/wp\/v2\/media\/21029"}],"wp:attachment":[{"href":"https:\/\/algohits.com\/loja\/wp-json\/wp\/v2\/media?parent=21022"}],"wp:term":[{"taxonomy":"product_brand","embeddable":true,"href":"https:\/\/algohits.com\/loja\/wp-json\/wp\/v2\/product_brand?post=21022"},{"taxonomy":"product_cat","embeddable":true,"href":"https:\/\/algohits.com\/loja\/wp-json\/wp\/v2\/product_cat?post=21022"},{"taxonomy":"product_tag","embeddable":true,"href":"https:\/\/algohits.com\/loja\/wp-json\/wp\/v2\/product_tag?post=21022"},{"taxonomy":"artista","embeddable":true,"href":"https:\/\/algohits.com\/loja\/wp-json\/wp\/v2\/artista?post=21022"},{"taxonomy":"parceiro","embeddable":true,"href":"https:\/\/algohits.com\/loja\/wp-json\/wp\/v2\/parceiro?post=21022"}],"curies":[{"name":"wp","href":"https:\/\/api.w.org\/{rel}","templated":true}]}}