{"id":20737,"date":"2025-02-12T16:30:49","date_gmt":"2025-02-12T19:30:49","guid":{"rendered":"https:\/\/algohits.com\/loja\/?post_type=product&#038;p=20737"},"modified":"2025-02-12T16:32:55","modified_gmt":"2025-02-12T19:32:55","slug":"camiseta-a-incrivel-historia-de-um-pais-tropical-chama-o-sindico","status":"publish","type":"product","link":"https:\/\/algohits.com\/loja\/produto\/camiseta-a-incrivel-historia-de-um-pais-tropical-chama-o-sindico\/","title":{"rendered":"Camiseta A incr\u00edvel hist\u00f3ria de um pa\u00eds tropical &#8211; Chama o S\u00edndico"},"content":{"rendered":"<p><span data-sheets-root=\"1\"> Merchandasing Oficial do Bloco Chama o S\u00edndico<\/span><\/p>\n","protected":false},"excerpt":{"rendered":"<p>Merchandasing Oficial do Bloco Chama o S\u00edndico<\/p>\n","protected":false},"featured_media":20746,"template":"","meta":[],"product_brand":[],"product_cat":[90],"product_tag":[],"artista":[],"parceiro":[146],"class_list":{"0":"post-20737","1":"product","2":"type-product","3":"status-publish","4":"has-post-thumbnail","6":"product_cat-camiseta","7":"parceiro-chama-o-sindico","9":"first","10":"instock","11":"shipping-taxable","12":"purchasable","13":"product-type-variable"},"_links":{"self":[{"href":"https:\/\/algohits.com\/loja\/wp-json\/wp\/v2\/product\/20737","targetHints":{"allow":["GET"]}}],"collection":[{"href":"https:\/\/algohits.com\/loja\/wp-json\/wp\/v2\/product"}],"about":[{"href":"https:\/\/algohits.com\/loja\/wp-json\/wp\/v2\/types\/product"}],"wp:featuredmedia":[{"embeddable":true,"href":"https:\/\/algohits.com\/loja\/wp-json\/wp\/v2\/media\/20746"}],"wp:attachment":[{"href":"https:\/\/algohits.com\/loja\/wp-json\/wp\/v2\/media?parent=20737"}],"wp:term":[{"taxonomy":"product_brand","embeddable":true,"href":"https:\/\/algohits.com\/loja\/wp-json\/wp\/v2\/product_brand?post=20737"},{"taxonomy":"product_cat","embeddable":true,"href":"https:\/\/algohits.com\/loja\/wp-json\/wp\/v2\/product_cat?post=20737"},{"taxonomy":"product_tag","embeddable":true,"href":"https:\/\/algohits.com\/loja\/wp-json\/wp\/v2\/product_tag?post=20737"},{"taxonomy":"artista","embeddable":true,"href":"https:\/\/algohits.com\/loja\/wp-json\/wp\/v2\/artista?post=20737"},{"taxonomy":"parceiro","embeddable":true,"href":"https:\/\/algohits.com\/loja\/wp-json\/wp\/v2\/parceiro?post=20737"}],"curies":[{"name":"wp","href":"https:\/\/api.w.org\/{rel}","templated":true}]}}