{"id":20536,"date":"2025-02-11T15:06:49","date_gmt":"2025-02-11T18:06:49","guid":{"rendered":"https:\/\/algohits.com\/loja\/?post_type=product&#038;p=20536"},"modified":"2026-02-23T16:25:29","modified_gmt":"2026-02-23T19:25:29","slug":"bone-5-panel-questions","status":"publish","type":"product","link":"https:\/\/algohits.com\/loja\/produto\/bone-5-panel-questions\/","title":{"rendered":"Bon\u00e9 5 Panel &#8211; Questions"},"content":{"rendered":"<p>Cole\u00e7\u00e3o Questions x Algohits apresentando pe\u00e7as com estampas comemorativas aos 20 anos do \u00e1lbum Resista!<\/p>\n","protected":false},"excerpt":{"rendered":"<p>Cole\u00e7\u00e3o Questions x Algohits apresentando pe\u00e7as com estampas comemorativas aos 20 anos do \u00e1lbum Resista!<\/p>\n","protected":false},"featured_media":20545,"template":"","meta":[],"product_brand":[],"product_cat":[118],"product_tag":[],"artista":[145],"parceiro":[],"class_list":{"0":"post-20536","1":"product","2":"type-product","3":"status-publish","4":"has-post-thumbnail","6":"product_cat-bone","7":"artista-questions","9":"first","10":"instock","11":"shipping-taxable","12":"purchasable","13":"product-type-variable"},"_links":{"self":[{"href":"https:\/\/algohits.com\/loja\/wp-json\/wp\/v2\/product\/20536","targetHints":{"allow":["GET"]}}],"collection":[{"href":"https:\/\/algohits.com\/loja\/wp-json\/wp\/v2\/product"}],"about":[{"href":"https:\/\/algohits.com\/loja\/wp-json\/wp\/v2\/types\/product"}],"wp:featuredmedia":[{"embeddable":true,"href":"https:\/\/algohits.com\/loja\/wp-json\/wp\/v2\/media\/20545"}],"wp:attachment":[{"href":"https:\/\/algohits.com\/loja\/wp-json\/wp\/v2\/media?parent=20536"}],"wp:term":[{"taxonomy":"product_brand","embeddable":true,"href":"https:\/\/algohits.com\/loja\/wp-json\/wp\/v2\/product_brand?post=20536"},{"taxonomy":"product_cat","embeddable":true,"href":"https:\/\/algohits.com\/loja\/wp-json\/wp\/v2\/product_cat?post=20536"},{"taxonomy":"product_tag","embeddable":true,"href":"https:\/\/algohits.com\/loja\/wp-json\/wp\/v2\/product_tag?post=20536"},{"taxonomy":"artista","embeddable":true,"href":"https:\/\/algohits.com\/loja\/wp-json\/wp\/v2\/artista?post=20536"},{"taxonomy":"parceiro","embeddable":true,"href":"https:\/\/algohits.com\/loja\/wp-json\/wp\/v2\/parceiro?post=20536"}],"curies":[{"name":"wp","href":"https:\/\/api.w.org\/{rel}","templated":true}]}}