{"id":20456,"date":"2025-02-11T14:22:20","date_gmt":"2025-02-11T17:22:20","guid":{"rendered":"https:\/\/algohits.com\/loja\/?post_type=product&#038;p=20456"},"modified":"2026-04-24T12:09:56","modified_gmt":"2026-04-24T15:09:56","slug":"camiseta-tabloide-questions","status":"publish","type":"product","link":"https:\/\/algohits.com\/loja\/produto\/camiseta-tabloide-questions\/","title":{"rendered":"Camiseta Tabl\u00f3ide &#8211; Questions"},"content":{"rendered":"<p><span data-sheets-root=\"1\"> Cole\u00e7\u00e3o Questions x Algohits apresentando pe\u00e7as com estampas comemorativas aos 20 anos do \u00e1lbum Resista!<\/span><\/p>\n","protected":false},"excerpt":{"rendered":"<p>Cole\u00e7\u00e3o Questions x Algohits apresentando pe\u00e7as com estampas comemorativas aos 20 anos do \u00e1lbum Resista!<\/p>\n","protected":false},"featured_media":20487,"template":"","meta":[],"product_brand":[],"product_cat":[90],"product_tag":[],"artista":[145],"parceiro":[],"class_list":{"0":"post-20456","1":"product","2":"type-product","3":"status-publish","4":"has-post-thumbnail","6":"product_cat-camiseta","7":"artista-questions","9":"first","10":"instock","11":"shipping-taxable","12":"purchasable","13":"product-type-variable"},"_links":{"self":[{"href":"https:\/\/algohits.com\/loja\/wp-json\/wp\/v2\/product\/20456","targetHints":{"allow":["GET"]}}],"collection":[{"href":"https:\/\/algohits.com\/loja\/wp-json\/wp\/v2\/product"}],"about":[{"href":"https:\/\/algohits.com\/loja\/wp-json\/wp\/v2\/types\/product"}],"wp:featuredmedia":[{"embeddable":true,"href":"https:\/\/algohits.com\/loja\/wp-json\/wp\/v2\/media\/20487"}],"wp:attachment":[{"href":"https:\/\/algohits.com\/loja\/wp-json\/wp\/v2\/media?parent=20456"}],"wp:term":[{"taxonomy":"product_brand","embeddable":true,"href":"https:\/\/algohits.com\/loja\/wp-json\/wp\/v2\/product_brand?post=20456"},{"taxonomy":"product_cat","embeddable":true,"href":"https:\/\/algohits.com\/loja\/wp-json\/wp\/v2\/product_cat?post=20456"},{"taxonomy":"product_tag","embeddable":true,"href":"https:\/\/algohits.com\/loja\/wp-json\/wp\/v2\/product_tag?post=20456"},{"taxonomy":"artista","embeddable":true,"href":"https:\/\/algohits.com\/loja\/wp-json\/wp\/v2\/artista?post=20456"},{"taxonomy":"parceiro","embeddable":true,"href":"https:\/\/algohits.com\/loja\/wp-json\/wp\/v2\/parceiro?post=20456"}],"curies":[{"name":"wp","href":"https:\/\/api.w.org\/{rel}","templated":true}]}}