{"id":20419,"date":"2025-02-11T14:09:24","date_gmt":"2025-02-11T17:09:24","guid":{"rendered":"https:\/\/algohits.com\/loja\/?post_type=product&#038;p=20419"},"modified":"2025-12-11T17:36:00","modified_gmt":"2025-12-11T20:36:00","slug":"camiseta-preta-resista-questions","status":"publish","type":"product","link":"https:\/\/algohits.com\/loja\/produto\/camiseta-preta-resista-questions\/","title":{"rendered":"Camiseta Preta Resista! &#8211; Questions"},"content":{"rendered":"<p><span data-sheets-root=\"1\"> Cole\u00e7\u00e3o Questions x Algohits apresentando pe\u00e7as com estampas comemorativas aos 20 anos do \u00e1lbum Resista!<\/span><\/p>\n","protected":false},"excerpt":{"rendered":"<p>Cole\u00e7\u00e3o Questions x Algohits apresentando pe\u00e7as com estampas comemorativas aos 20 anos do \u00e1lbum Resista!<\/p>\n","protected":false},"featured_media":20444,"template":"","meta":[],"product_brand":[],"product_cat":[90],"product_tag":[],"artista":[145],"parceiro":[],"class_list":{"0":"post-20419","1":"product","2":"type-product","3":"status-publish","4":"has-post-thumbnail","6":"product_cat-camiseta","7":"artista-questions","9":"first","10":"instock","11":"shipping-taxable","12":"purchasable","13":"product-type-variable"},"_links":{"self":[{"href":"https:\/\/algohits.com\/loja\/wp-json\/wp\/v2\/product\/20419","targetHints":{"allow":["GET"]}}],"collection":[{"href":"https:\/\/algohits.com\/loja\/wp-json\/wp\/v2\/product"}],"about":[{"href":"https:\/\/algohits.com\/loja\/wp-json\/wp\/v2\/types\/product"}],"wp:featuredmedia":[{"embeddable":true,"href":"https:\/\/algohits.com\/loja\/wp-json\/wp\/v2\/media\/20444"}],"wp:attachment":[{"href":"https:\/\/algohits.com\/loja\/wp-json\/wp\/v2\/media?parent=20419"}],"wp:term":[{"taxonomy":"product_brand","embeddable":true,"href":"https:\/\/algohits.com\/loja\/wp-json\/wp\/v2\/product_brand?post=20419"},{"taxonomy":"product_cat","embeddable":true,"href":"https:\/\/algohits.com\/loja\/wp-json\/wp\/v2\/product_cat?post=20419"},{"taxonomy":"product_tag","embeddable":true,"href":"https:\/\/algohits.com\/loja\/wp-json\/wp\/v2\/product_tag?post=20419"},{"taxonomy":"artista","embeddable":true,"href":"https:\/\/algohits.com\/loja\/wp-json\/wp\/v2\/artista?post=20419"},{"taxonomy":"parceiro","embeddable":true,"href":"https:\/\/algohits.com\/loja\/wp-json\/wp\/v2\/parceiro?post=20419"}],"curies":[{"name":"wp","href":"https:\/\/api.w.org\/{rel}","templated":true}]}}