{"id":18447,"date":"2024-10-09T16:43:49","date_gmt":"2024-10-09T19:43:49","guid":{"rendered":"https:\/\/algohits.com\/loja\/?post_type=product&#038;p=18447"},"modified":"2024-10-11T13:46:46","modified_gmt":"2024-10-11T16:46:46","slug":"camiseta-aquarela-luz-dada-yute","status":"publish","type":"product","link":"https:\/\/algohits.com\/loja\/produto\/camiseta-aquarela-luz-dada-yute\/","title":{"rendered":"Camiseta Aquarela Luz &#8211; Dada Yute"},"content":{"rendered":"<p>Dada Yute, conhecido por seu carisma inconfund\u00edvel, voz marcante e presen\u00e7a ativa no Reggae, lan\u00e7a sua cole\u00e7\u00e3o com pe\u00e7as que fazem a conex\u00e3o de todo seu metaverso com seus f\u00e3s e seus hits.<\/p>\n","protected":false},"excerpt":{"rendered":"<p>Dada Yute, conhecido por seu carisma inconfund\u00edvel, voz marcante e presen\u00e7a ativa no Reggae, lan\u00e7a sua cole\u00e7\u00e3o com pe\u00e7as que fazem a [&hellip;]<\/p>\n","protected":false},"featured_media":18460,"template":"","meta":[],"product_brand":[],"product_cat":[90,139],"product_tag":[],"artista":[134],"parceiro":[],"class_list":{"0":"post-18447","1":"product","2":"type-product","3":"status-publish","4":"has-post-thumbnail","6":"product_cat-camiseta","7":"product_cat-sale","8":"artista-dada-yute","10":"first","11":"instock","12":"shipping-taxable","13":"purchasable","14":"product-type-variable"},"_links":{"self":[{"href":"https:\/\/algohits.com\/loja\/wp-json\/wp\/v2\/product\/18447","targetHints":{"allow":["GET"]}}],"collection":[{"href":"https:\/\/algohits.com\/loja\/wp-json\/wp\/v2\/product"}],"about":[{"href":"https:\/\/algohits.com\/loja\/wp-json\/wp\/v2\/types\/product"}],"wp:featuredmedia":[{"embeddable":true,"href":"https:\/\/algohits.com\/loja\/wp-json\/wp\/v2\/media\/18460"}],"wp:attachment":[{"href":"https:\/\/algohits.com\/loja\/wp-json\/wp\/v2\/media?parent=18447"}],"wp:term":[{"taxonomy":"product_brand","embeddable":true,"href":"https:\/\/algohits.com\/loja\/wp-json\/wp\/v2\/product_brand?post=18447"},{"taxonomy":"product_cat","embeddable":true,"href":"https:\/\/algohits.com\/loja\/wp-json\/wp\/v2\/product_cat?post=18447"},{"taxonomy":"product_tag","embeddable":true,"href":"https:\/\/algohits.com\/loja\/wp-json\/wp\/v2\/product_tag?post=18447"},{"taxonomy":"artista","embeddable":true,"href":"https:\/\/algohits.com\/loja\/wp-json\/wp\/v2\/artista?post=18447"},{"taxonomy":"parceiro","embeddable":true,"href":"https:\/\/algohits.com\/loja\/wp-json\/wp\/v2\/parceiro?post=18447"}],"curies":[{"name":"wp","href":"https:\/\/api.w.org\/{rel}","templated":true}]}}