{"id":18387,"date":"2024-10-08T12:50:11","date_gmt":"2024-10-08T15:50:11","guid":{"rendered":"https:\/\/algohits.com\/loja\/?post_type=product&#038;p=18387"},"modified":"2026-04-15T23:10:32","modified_gmt":"2026-04-16T02:10:32","slug":"bone-logo-nova-5-panel-pense","status":"publish","type":"product","link":"https:\/\/algohits.com\/loja\/produto\/bone-logo-nova-5-panel-pense\/","title":{"rendered":"Bon\u00e9 Logo Nova 5 Panel &#8211; Pense"},"content":{"rendered":"<p><span data-sheets-root=\"1\" data-sheets-value=\"{&quot;1&quot;:2,&quot;2&quot;:&quot;A cole\u00e7\u00e3o Pense x Algohits apresentando pe\u00e7as com estampas criadas para a banda&quot;}\" data-sheets-userformat=\"{&quot;2&quot;:14851,&quot;3&quot;:{&quot;1&quot;:0},&quot;4&quot;:{&quot;1&quot;:2,&quot;2&quot;:16777215},&quot;12&quot;:0,&quot;14&quot;:{&quot;1&quot;:2,&quot;2&quot;:2039583},&quot;15&quot;:&quot;&quot;Google Sans&quot;, Roboto, sans-serif&quot;,&quot;16&quot;:9}\">A cole\u00e7\u00e3o Pense x Algohits apresentando pe\u00e7as com estampas criadas para a banda<\/span><\/p>\n","protected":false},"excerpt":{"rendered":"<p>A cole\u00e7\u00e3o Pense x Algohits apresentando pe\u00e7as com estampas criadas para a banda<\/p>\n","protected":false},"featured_media":18398,"template":"","meta":[],"product_brand":[],"product_cat":[118],"product_tag":[],"artista":[103],"parceiro":[],"class_list":{"0":"post-18387","1":"product","2":"type-product","3":"status-publish","4":"has-post-thumbnail","6":"product_cat-bone","7":"artista-pense","9":"first","10":"instock","11":"shipping-taxable","12":"purchasable","13":"product-type-variable"},"_links":{"self":[{"href":"https:\/\/algohits.com\/loja\/wp-json\/wp\/v2\/product\/18387","targetHints":{"allow":["GET"]}}],"collection":[{"href":"https:\/\/algohits.com\/loja\/wp-json\/wp\/v2\/product"}],"about":[{"href":"https:\/\/algohits.com\/loja\/wp-json\/wp\/v2\/types\/product"}],"wp:featuredmedia":[{"embeddable":true,"href":"https:\/\/algohits.com\/loja\/wp-json\/wp\/v2\/media\/18398"}],"wp:attachment":[{"href":"https:\/\/algohits.com\/loja\/wp-json\/wp\/v2\/media?parent=18387"}],"wp:term":[{"taxonomy":"product_brand","embeddable":true,"href":"https:\/\/algohits.com\/loja\/wp-json\/wp\/v2\/product_brand?post=18387"},{"taxonomy":"product_cat","embeddable":true,"href":"https:\/\/algohits.com\/loja\/wp-json\/wp\/v2\/product_cat?post=18387"},{"taxonomy":"product_tag","embeddable":true,"href":"https:\/\/algohits.com\/loja\/wp-json\/wp\/v2\/product_tag?post=18387"},{"taxonomy":"artista","embeddable":true,"href":"https:\/\/algohits.com\/loja\/wp-json\/wp\/v2\/artista?post=18387"},{"taxonomy":"parceiro","embeddable":true,"href":"https:\/\/algohits.com\/loja\/wp-json\/wp\/v2\/parceiro?post=18387"}],"curies":[{"name":"wp","href":"https:\/\/api.w.org\/{rel}","templated":true}]}}