{"id":18066,"date":"2024-10-06T17:48:00","date_gmt":"2024-10-06T20:48:00","guid":{"rendered":"https:\/\/algohits.com\/loja\/?post_type=product&#038;p=18066"},"modified":"2026-04-05T20:59:23","modified_gmt":"2026-04-05T23:59:23","slug":"camiseta-ii-dharma-numb","status":"publish","type":"product","link":"https:\/\/algohits.com\/loja\/produto\/camiseta-ii-dharma-numb\/","title":{"rendered":"Camiseta II &#8211; Dharma Numb"},"content":{"rendered":"<p>A cole\u00e7\u00e3o Dharma Numb x Algohits apresentando pe\u00e7as com estampas criadas para a banda<\/p>\n","protected":false},"excerpt":{"rendered":"<p>A cole\u00e7\u00e3o Dharma Numb x Algohits apresentando pe\u00e7as com estampas criadas para a banda<\/p>\n","protected":false},"featured_media":18074,"template":"","meta":[],"product_brand":[],"product_cat":[90,139],"product_tag":[],"artista":[140],"parceiro":[],"class_list":{"0":"post-18066","1":"product","2":"type-product","3":"status-publish","4":"has-post-thumbnail","6":"product_cat-camiseta","7":"product_cat-sale","8":"artista-dharma-numb","10":"first","11":"instock","12":"shipping-taxable","13":"purchasable","14":"product-type-variable"},"_links":{"self":[{"href":"https:\/\/algohits.com\/loja\/wp-json\/wp\/v2\/product\/18066","targetHints":{"allow":["GET"]}}],"collection":[{"href":"https:\/\/algohits.com\/loja\/wp-json\/wp\/v2\/product"}],"about":[{"href":"https:\/\/algohits.com\/loja\/wp-json\/wp\/v2\/types\/product"}],"wp:featuredmedia":[{"embeddable":true,"href":"https:\/\/algohits.com\/loja\/wp-json\/wp\/v2\/media\/18074"}],"wp:attachment":[{"href":"https:\/\/algohits.com\/loja\/wp-json\/wp\/v2\/media?parent=18066"}],"wp:term":[{"taxonomy":"product_brand","embeddable":true,"href":"https:\/\/algohits.com\/loja\/wp-json\/wp\/v2\/product_brand?post=18066"},{"taxonomy":"product_cat","embeddable":true,"href":"https:\/\/algohits.com\/loja\/wp-json\/wp\/v2\/product_cat?post=18066"},{"taxonomy":"product_tag","embeddable":true,"href":"https:\/\/algohits.com\/loja\/wp-json\/wp\/v2\/product_tag?post=18066"},{"taxonomy":"artista","embeddable":true,"href":"https:\/\/algohits.com\/loja\/wp-json\/wp\/v2\/artista?post=18066"},{"taxonomy":"parceiro","embeddable":true,"href":"https:\/\/algohits.com\/loja\/wp-json\/wp\/v2\/parceiro?post=18066"}],"curies":[{"name":"wp","href":"https:\/\/api.w.org\/{rel}","templated":true}]}}