{"id":17463,"date":"2024-09-02T17:23:17","date_gmt":"2024-09-02T20:23:17","guid":{"rendered":"https:\/\/algohits.com\/loja\/?post_type=product&#038;p=17463"},"modified":"2026-02-28T11:30:49","modified_gmt":"2026-02-28T14:30:49","slug":"camiseta-off-white-logo-zander","status":"publish","type":"product","link":"https:\/\/algohits.com\/loja\/produto\/camiseta-off-white-logo-zander\/","title":{"rendered":"Camiseta Off-White Logo &#8211; Zander"},"content":{"rendered":"<p>&#8220;Arm\u00e1rios e Gavetas&#8221; ter\u00e3o belas pe\u00e7as na nova cole\u00e7\u00e3o Zander x Algohits, com estampas voltadas para os hits da banda<\/p>\n","protected":false},"excerpt":{"rendered":"<p>&#8220;Arm\u00e1rios e Gavetas&#8221; ter\u00e3o belas pe\u00e7as na nova cole\u00e7\u00e3o Zander x Algohits, com estampas voltadas para os hits da banda<\/p>\n","protected":false},"featured_media":17524,"template":"","meta":[],"product_brand":[],"product_cat":[90],"product_tag":[],"artista":[138],"parceiro":[],"class_list":{"0":"post-17463","1":"product","2":"type-product","3":"status-publish","4":"has-post-thumbnail","6":"product_cat-camiseta","7":"artista-zander","9":"first","10":"instock","11":"shipping-taxable","12":"purchasable","13":"product-type-variable"},"_links":{"self":[{"href":"https:\/\/algohits.com\/loja\/wp-json\/wp\/v2\/product\/17463","targetHints":{"allow":["GET"]}}],"collection":[{"href":"https:\/\/algohits.com\/loja\/wp-json\/wp\/v2\/product"}],"about":[{"href":"https:\/\/algohits.com\/loja\/wp-json\/wp\/v2\/types\/product"}],"wp:featuredmedia":[{"embeddable":true,"href":"https:\/\/algohits.com\/loja\/wp-json\/wp\/v2\/media\/17524"}],"wp:attachment":[{"href":"https:\/\/algohits.com\/loja\/wp-json\/wp\/v2\/media?parent=17463"}],"wp:term":[{"taxonomy":"product_brand","embeddable":true,"href":"https:\/\/algohits.com\/loja\/wp-json\/wp\/v2\/product_brand?post=17463"},{"taxonomy":"product_cat","embeddable":true,"href":"https:\/\/algohits.com\/loja\/wp-json\/wp\/v2\/product_cat?post=17463"},{"taxonomy":"product_tag","embeddable":true,"href":"https:\/\/algohits.com\/loja\/wp-json\/wp\/v2\/product_tag?post=17463"},{"taxonomy":"artista","embeddable":true,"href":"https:\/\/algohits.com\/loja\/wp-json\/wp\/v2\/artista?post=17463"},{"taxonomy":"parceiro","embeddable":true,"href":"https:\/\/algohits.com\/loja\/wp-json\/wp\/v2\/parceiro?post=17463"}],"curies":[{"name":"wp","href":"https:\/\/api.w.org\/{rel}","templated":true}]}}