{"id":16860,"date":"2024-07-23T16:20:49","date_gmt":"2024-07-23T19:20:49","guid":{"rendered":"https:\/\/algohits.com\/loja\/?post_type=product&#038;p=16860"},"modified":"2024-09-30T14:27:50","modified_gmt":"2024-09-30T17:27:50","slug":"camiseta-acustico-alma-djem","status":"publish","type":"product","link":"https:\/\/algohits.com\/loja\/produto\/camiseta-acustico-alma-djem\/","title":{"rendered":"Camiseta Ac\u00fastico &#8211; Alma Djem"},"content":{"rendered":"<p>A cole\u00e7\u00e3o Alma Djem x Algohits apresentando pe\u00e7as com estampas criadas para a banda<\/p>\n","protected":false},"excerpt":{"rendered":"<p>A cole\u00e7\u00e3o Alma Djem x Algohits apresentando pe\u00e7as com estampas criadas para a banda<\/p>\n","protected":false},"featured_media":16863,"template":"","meta":[],"product_brand":[],"product_cat":[90,139],"product_tag":[],"artista":[136],"parceiro":[],"class_list":{"0":"post-16860","1":"product","2":"type-product","3":"status-publish","4":"has-post-thumbnail","6":"product_cat-camiseta","7":"product_cat-sale","8":"artista-alma-djem","10":"first","11":"instock","12":"shipping-taxable","13":"purchasable","14":"product-type-variable"},"_links":{"self":[{"href":"https:\/\/algohits.com\/loja\/wp-json\/wp\/v2\/product\/16860","targetHints":{"allow":["GET"]}}],"collection":[{"href":"https:\/\/algohits.com\/loja\/wp-json\/wp\/v2\/product"}],"about":[{"href":"https:\/\/algohits.com\/loja\/wp-json\/wp\/v2\/types\/product"}],"wp:featuredmedia":[{"embeddable":true,"href":"https:\/\/algohits.com\/loja\/wp-json\/wp\/v2\/media\/16863"}],"wp:attachment":[{"href":"https:\/\/algohits.com\/loja\/wp-json\/wp\/v2\/media?parent=16860"}],"wp:term":[{"taxonomy":"product_brand","embeddable":true,"href":"https:\/\/algohits.com\/loja\/wp-json\/wp\/v2\/product_brand?post=16860"},{"taxonomy":"product_cat","embeddable":true,"href":"https:\/\/algohits.com\/loja\/wp-json\/wp\/v2\/product_cat?post=16860"},{"taxonomy":"product_tag","embeddable":true,"href":"https:\/\/algohits.com\/loja\/wp-json\/wp\/v2\/product_tag?post=16860"},{"taxonomy":"artista","embeddable":true,"href":"https:\/\/algohits.com\/loja\/wp-json\/wp\/v2\/artista?post=16860"},{"taxonomy":"parceiro","embeddable":true,"href":"https:\/\/algohits.com\/loja\/wp-json\/wp\/v2\/parceiro?post=16860"}],"curies":[{"name":"wp","href":"https:\/\/api.w.org\/{rel}","templated":true}]}}