{"id":14198,"date":"2024-03-19T16:30:40","date_gmt":"2024-03-19T19:30:40","guid":{"rendered":"https:\/\/algohits.com\/loja\/?post_type=product&#038;p=14198"},"modified":"2025-04-08T16:37:43","modified_gmt":"2025-04-08T19:37:43","slug":"bermuda-plutao-ja-foi-planeta","status":"publish","type":"product","link":"https:\/\/algohits.com\/loja\/produto\/bermuda-plutao-ja-foi-planeta\/","title":{"rendered":"Bermuda Plut\u00e3o J\u00e1 Foi Planeta"},"content":{"rendered":"<p>Cole\u00e7\u00e3o Interplanet\u00e1ria PJFP x Algohits apresentando artes voltadas para o novo trabalho de est\u00fadio da banda<\/p>\n","protected":false},"excerpt":{"rendered":"<p>Cole\u00e7\u00e3o Interplanet\u00e1ria PJFP x Algohits apresentando artes voltadas para o novo trabalho de est\u00fadio da banda<\/p>\n","protected":false},"featured_media":22005,"template":"","meta":[],"product_brand":[],"product_cat":[109],"product_tag":[],"artista":[94],"parceiro":[],"class_list":{"0":"post-14198","1":"product","2":"type-product","3":"status-publish","4":"has-post-thumbnail","6":"product_cat-bermuda","7":"artista-plutao-ja-foi-planeta","9":"first","10":"instock","11":"shipping-taxable","12":"purchasable","13":"product-type-variable"},"_links":{"self":[{"href":"https:\/\/algohits.com\/loja\/wp-json\/wp\/v2\/product\/14198","targetHints":{"allow":["GET"]}}],"collection":[{"href":"https:\/\/algohits.com\/loja\/wp-json\/wp\/v2\/product"}],"about":[{"href":"https:\/\/algohits.com\/loja\/wp-json\/wp\/v2\/types\/product"}],"wp:featuredmedia":[{"embeddable":true,"href":"https:\/\/algohits.com\/loja\/wp-json\/wp\/v2\/media\/22005"}],"wp:attachment":[{"href":"https:\/\/algohits.com\/loja\/wp-json\/wp\/v2\/media?parent=14198"}],"wp:term":[{"taxonomy":"product_brand","embeddable":true,"href":"https:\/\/algohits.com\/loja\/wp-json\/wp\/v2\/product_brand?post=14198"},{"taxonomy":"product_cat","embeddable":true,"href":"https:\/\/algohits.com\/loja\/wp-json\/wp\/v2\/product_cat?post=14198"},{"taxonomy":"product_tag","embeddable":true,"href":"https:\/\/algohits.com\/loja\/wp-json\/wp\/v2\/product_tag?post=14198"},{"taxonomy":"artista","embeddable":true,"href":"https:\/\/algohits.com\/loja\/wp-json\/wp\/v2\/artista?post=14198"},{"taxonomy":"parceiro","embeddable":true,"href":"https:\/\/algohits.com\/loja\/wp-json\/wp\/v2\/parceiro?post=14198"}],"curies":[{"name":"wp","href":"https:\/\/api.w.org\/{rel}","templated":true}]}}