{"id":13952,"date":"2024-02-22T16:58:10","date_gmt":"2024-02-22T19:58:10","guid":{"rendered":"https:\/\/algohits.com\/loja\/?post_type=product&#038;p=13952"},"modified":"2026-02-09T20:26:49","modified_gmt":"2026-02-09T23:26:49","slug":"ecobag-cynthia-luz","status":"publish","type":"product","link":"https:\/\/algohits.com\/loja\/produto\/ecobag-cynthia-luz\/","title":{"rendered":"Ecobag Cynthia Luz"},"content":{"rendered":"<div class=\"summary entry-summary\">\n<div class=\"woocommerce-tabs wc-tabs-wrapper\">\n<div id=\"tab-description\" class=\"woocommerce-Tabs-panel woocommerce-Tabs-panel--description panel entry-content wc-tab\" role=\"tabpanel\" aria-labelledby=\"tab-title-description\">\n<p>A cole\u00e7\u00e3o da Cynthia Luz x Algohits apresentando pe\u00e7as exclusivas.<\/p>\n<p>Composi\u00e7\u00e3o 100% algod\u00e3o<\/p>\n<\/div>\n<\/div>\n<\/div>\n","protected":false},"excerpt":{"rendered":"<p>A cole\u00e7\u00e3o da Cynthia Luz x Algohits apresentando pe\u00e7as exclusivas. Composi\u00e7\u00e3o 100% algod\u00e3o<\/p>\n","protected":false},"featured_media":13953,"template":"","meta":[],"product_brand":[],"product_cat":[122],"product_tag":[],"artista":[116],"parceiro":[],"class_list":{"0":"post-13952","1":"product","2":"type-product","3":"status-publish","4":"has-post-thumbnail","6":"product_cat-ecobag","7":"artista-cynthia-luz","9":"first","10":"instock","11":"shipping-taxable","12":"purchasable","13":"product-type-variable"},"_links":{"self":[{"href":"https:\/\/algohits.com\/loja\/wp-json\/wp\/v2\/product\/13952","targetHints":{"allow":["GET"]}}],"collection":[{"href":"https:\/\/algohits.com\/loja\/wp-json\/wp\/v2\/product"}],"about":[{"href":"https:\/\/algohits.com\/loja\/wp-json\/wp\/v2\/types\/product"}],"wp:featuredmedia":[{"embeddable":true,"href":"https:\/\/algohits.com\/loja\/wp-json\/wp\/v2\/media\/13953"}],"wp:attachment":[{"href":"https:\/\/algohits.com\/loja\/wp-json\/wp\/v2\/media?parent=13952"}],"wp:term":[{"taxonomy":"product_brand","embeddable":true,"href":"https:\/\/algohits.com\/loja\/wp-json\/wp\/v2\/product_brand?post=13952"},{"taxonomy":"product_cat","embeddable":true,"href":"https:\/\/algohits.com\/loja\/wp-json\/wp\/v2\/product_cat?post=13952"},{"taxonomy":"product_tag","embeddable":true,"href":"https:\/\/algohits.com\/loja\/wp-json\/wp\/v2\/product_tag?post=13952"},{"taxonomy":"artista","embeddable":true,"href":"https:\/\/algohits.com\/loja\/wp-json\/wp\/v2\/artista?post=13952"},{"taxonomy":"parceiro","embeddable":true,"href":"https:\/\/algohits.com\/loja\/wp-json\/wp\/v2\/parceiro?post=13952"}],"curies":[{"name":"wp","href":"https:\/\/api.w.org\/{rel}","templated":true}]}}