{"id":13947,"date":"2024-02-22T16:55:11","date_gmt":"2024-02-22T19:55:11","guid":{"rendered":"https:\/\/algohits.com\/loja\/?post_type=product&#038;p=13947"},"modified":"2026-02-23T16:27:32","modified_gmt":"2026-02-23T19:27:32","slug":"bone-5-panel-cynthia-luz","status":"publish","type":"product","link":"https:\/\/algohits.com\/loja\/produto\/bone-5-panel-cynthia-luz\/","title":{"rendered":"Bon\u00e9 5 Panel &#8211; Cynthia Luz"},"content":{"rendered":"<p>A cole\u00e7\u00e3o da Cynthia Luz x Algohits apresentando pe\u00e7as exclusivas.<\/p>\n<p>Composi\u00e7\u00e3o 100% algod\u00e3o<\/p>\n","protected":false},"excerpt":{"rendered":"<p>A cole\u00e7\u00e3o da Cynthia Luz x Algohits apresentando pe\u00e7as exclusivas. Composi\u00e7\u00e3o 100% algod\u00e3o<\/p>\n","protected":false},"featured_media":16950,"template":"","meta":[],"product_brand":[],"product_cat":[118],"product_tag":[],"artista":[116],"parceiro":[],"class_list":{"0":"post-13947","1":"product","2":"type-product","3":"status-publish","4":"has-post-thumbnail","6":"product_cat-bone","7":"artista-cynthia-luz","9":"first","10":"instock","11":"shipping-taxable","12":"product-type-variable"},"_links":{"self":[{"href":"https:\/\/algohits.com\/loja\/wp-json\/wp\/v2\/product\/13947","targetHints":{"allow":["GET"]}}],"collection":[{"href":"https:\/\/algohits.com\/loja\/wp-json\/wp\/v2\/product"}],"about":[{"href":"https:\/\/algohits.com\/loja\/wp-json\/wp\/v2\/types\/product"}],"wp:featuredmedia":[{"embeddable":true,"href":"https:\/\/algohits.com\/loja\/wp-json\/wp\/v2\/media\/16950"}],"wp:attachment":[{"href":"https:\/\/algohits.com\/loja\/wp-json\/wp\/v2\/media?parent=13947"}],"wp:term":[{"taxonomy":"product_brand","embeddable":true,"href":"https:\/\/algohits.com\/loja\/wp-json\/wp\/v2\/product_brand?post=13947"},{"taxonomy":"product_cat","embeddable":true,"href":"https:\/\/algohits.com\/loja\/wp-json\/wp\/v2\/product_cat?post=13947"},{"taxonomy":"product_tag","embeddable":true,"href":"https:\/\/algohits.com\/loja\/wp-json\/wp\/v2\/product_tag?post=13947"},{"taxonomy":"artista","embeddable":true,"href":"https:\/\/algohits.com\/loja\/wp-json\/wp\/v2\/artista?post=13947"},{"taxonomy":"parceiro","embeddable":true,"href":"https:\/\/algohits.com\/loja\/wp-json\/wp\/v2\/parceiro?post=13947"}],"curies":[{"name":"wp","href":"https:\/\/api.w.org\/{rel}","templated":true}]}}