{"id":13941,"date":"2024-02-22T16:50:54","date_gmt":"2024-02-22T19:50:54","guid":{"rendered":"https:\/\/algohits.com\/loja\/?post_type=product&#038;p=13941"},"modified":"2024-09-30T14:27:54","modified_gmt":"2024-09-30T17:27:54","slug":"shorts-feminino-avatar-cynthia-luz","status":"publish","type":"product","link":"https:\/\/algohits.com\/loja\/produto\/shorts-feminino-avatar-cynthia-luz\/","title":{"rendered":"Shorts Feminino Avatar &#8211; Cynthia Luz"},"content":{"rendered":"<p>A cole\u00e7\u00e3o da Cynthia Luz x Algohits apresentando pe\u00e7as exclusivas.<\/p>\n<p>Composi\u00e7\u00e3o 100% algod\u00e3o<\/p>\n","protected":false},"excerpt":{"rendered":"<p>A cole\u00e7\u00e3o da Cynthia Luz x Algohits apresentando pe\u00e7as exclusivas. Composi\u00e7\u00e3o 100% algod\u00e3o<\/p>\n","protected":false},"featured_media":13946,"template":"","meta":[],"product_brand":[],"product_cat":[139,129],"product_tag":[],"artista":[116],"parceiro":[],"class_list":{"0":"post-13941","1":"product","2":"type-product","3":"status-publish","4":"has-post-thumbnail","6":"product_cat-sale","7":"product_cat-shorts","8":"artista-cynthia-luz","10":"first","11":"instock","12":"shipping-taxable","13":"product-type-variable"},"_links":{"self":[{"href":"https:\/\/algohits.com\/loja\/wp-json\/wp\/v2\/product\/13941","targetHints":{"allow":["GET"]}}],"collection":[{"href":"https:\/\/algohits.com\/loja\/wp-json\/wp\/v2\/product"}],"about":[{"href":"https:\/\/algohits.com\/loja\/wp-json\/wp\/v2\/types\/product"}],"wp:featuredmedia":[{"embeddable":true,"href":"https:\/\/algohits.com\/loja\/wp-json\/wp\/v2\/media\/13946"}],"wp:attachment":[{"href":"https:\/\/algohits.com\/loja\/wp-json\/wp\/v2\/media?parent=13941"}],"wp:term":[{"taxonomy":"product_brand","embeddable":true,"href":"https:\/\/algohits.com\/loja\/wp-json\/wp\/v2\/product_brand?post=13941"},{"taxonomy":"product_cat","embeddable":true,"href":"https:\/\/algohits.com\/loja\/wp-json\/wp\/v2\/product_cat?post=13941"},{"taxonomy":"product_tag","embeddable":true,"href":"https:\/\/algohits.com\/loja\/wp-json\/wp\/v2\/product_tag?post=13941"},{"taxonomy":"artista","embeddable":true,"href":"https:\/\/algohits.com\/loja\/wp-json\/wp\/v2\/artista?post=13941"},{"taxonomy":"parceiro","embeddable":true,"href":"https:\/\/algohits.com\/loja\/wp-json\/wp\/v2\/parceiro?post=13941"}],"curies":[{"name":"wp","href":"https:\/\/api.w.org\/{rel}","templated":true}]}}