{"id":13918,"date":"2024-02-22T16:44:16","date_gmt":"2024-02-22T19:44:16","guid":{"rendered":"https:\/\/algohits.com\/loja\/?post_type=product&#038;p=13918"},"modified":"2025-05-01T17:50:05","modified_gmt":"2025-05-01T20:50:05","slug":"camiseta-amor-nao-tem-misterio-cynthia-luz","status":"publish","type":"product","link":"https:\/\/algohits.com\/loja\/produto\/camiseta-amor-nao-tem-misterio-cynthia-luz\/","title":{"rendered":"Camiseta Amor N\u00e3o Tem Mist\u00e9rio &#8211; Cynthia Luz"},"content":{"rendered":"<p>A cole\u00e7\u00e3o da Cynthia Luz x Algohits apresentando pe\u00e7as exclusivas.<\/p>\n<p>Composi\u00e7\u00e3o 100% algod\u00e3o<\/p>\n","protected":false},"excerpt":{"rendered":"<p>A cole\u00e7\u00e3o da Cynthia Luz x Algohits apresentando pe\u00e7as exclusivas. Composi\u00e7\u00e3o 100% algod\u00e3o<\/p>\n","protected":false},"featured_media":14167,"template":"","meta":[],"product_brand":[],"product_cat":[90,139],"product_tag":[],"artista":[116],"parceiro":[],"class_list":{"0":"post-13918","1":"product","2":"type-product","3":"status-publish","4":"has-post-thumbnail","6":"product_cat-camiseta","7":"product_cat-sale","8":"artista-cynthia-luz","10":"first","11":"instock","12":"shipping-taxable","13":"purchasable","14":"product-type-variable"},"_links":{"self":[{"href":"https:\/\/algohits.com\/loja\/wp-json\/wp\/v2\/product\/13918","targetHints":{"allow":["GET"]}}],"collection":[{"href":"https:\/\/algohits.com\/loja\/wp-json\/wp\/v2\/product"}],"about":[{"href":"https:\/\/algohits.com\/loja\/wp-json\/wp\/v2\/types\/product"}],"wp:featuredmedia":[{"embeddable":true,"href":"https:\/\/algohits.com\/loja\/wp-json\/wp\/v2\/media\/14167"}],"wp:attachment":[{"href":"https:\/\/algohits.com\/loja\/wp-json\/wp\/v2\/media?parent=13918"}],"wp:term":[{"taxonomy":"product_brand","embeddable":true,"href":"https:\/\/algohits.com\/loja\/wp-json\/wp\/v2\/product_brand?post=13918"},{"taxonomy":"product_cat","embeddable":true,"href":"https:\/\/algohits.com\/loja\/wp-json\/wp\/v2\/product_cat?post=13918"},{"taxonomy":"product_tag","embeddable":true,"href":"https:\/\/algohits.com\/loja\/wp-json\/wp\/v2\/product_tag?post=13918"},{"taxonomy":"artista","embeddable":true,"href":"https:\/\/algohits.com\/loja\/wp-json\/wp\/v2\/artista?post=13918"},{"taxonomy":"parceiro","embeddable":true,"href":"https:\/\/algohits.com\/loja\/wp-json\/wp\/v2\/parceiro?post=13918"}],"curies":[{"name":"wp","href":"https:\/\/api.w.org\/{rel}","templated":true}]}}