{"id":13645,"date":"2024-01-15T13:06:04","date_gmt":"2024-01-15T16:06:04","guid":{"rendered":"https:\/\/algohits.com\/loja\/?post_type=product&#038;p=13645"},"modified":"2026-04-28T07:51:05","modified_gmt":"2026-04-28T10:51:05","slug":"camiseta-labirinto-da-memoria-capa-dead-fish","status":"publish","type":"product","link":"https:\/\/algohits.com\/loja\/produto\/camiseta-labirinto-da-memoria-capa-dead-fish\/","title":{"rendered":"Camiseta Labirinto da Mem\u00f3ria &#8220;Capa&#8221; &#8211; Dead Fish"},"content":{"rendered":"<p>Camiseta Corte Regular (vide tabela de medidas para pe\u00e7a &#8220;Regular&#8221;), 100% algod\u00e3o 30,1 penteado, pr\u00e9 encolhida, toque macio.<\/p>\n<p>A cole\u00e7\u00e3o Dead Fish x Algohits apresentando pe\u00e7as especialmente desenvolvidas para o disco &#8220;Labirinto da Mem\u00f3ria&#8221; e pe\u00e7as cl\u00e1ssicas para f\u00e3s de todas as gera\u00e7\u00f5es.<\/p>\n","protected":false},"excerpt":{"rendered":"<p>Camiseta Corte Regular (vide tabela de medidas para pe\u00e7a &#8220;Regular&#8221;), 100% algod\u00e3o 30,1 penteado, pr\u00e9 encolhida, toque macio. A cole\u00e7\u00e3o Dead Fish [&hellip;]<\/p>\n","protected":false},"featured_media":14087,"template":"","meta":[],"product_brand":[],"product_cat":[90,139],"product_tag":[],"artista":[120],"parceiro":[],"class_list":{"0":"post-13645","1":"product","2":"type-product","3":"status-publish","4":"has-post-thumbnail","6":"product_cat-camiseta","7":"product_cat-sale","8":"artista-dead-fish","10":"first","11":"instock","12":"shipping-taxable","13":"purchasable","14":"product-type-variable"},"_links":{"self":[{"href":"https:\/\/algohits.com\/loja\/wp-json\/wp\/v2\/product\/13645","targetHints":{"allow":["GET"]}}],"collection":[{"href":"https:\/\/algohits.com\/loja\/wp-json\/wp\/v2\/product"}],"about":[{"href":"https:\/\/algohits.com\/loja\/wp-json\/wp\/v2\/types\/product"}],"wp:featuredmedia":[{"embeddable":true,"href":"https:\/\/algohits.com\/loja\/wp-json\/wp\/v2\/media\/14087"}],"wp:attachment":[{"href":"https:\/\/algohits.com\/loja\/wp-json\/wp\/v2\/media?parent=13645"}],"wp:term":[{"taxonomy":"product_brand","embeddable":true,"href":"https:\/\/algohits.com\/loja\/wp-json\/wp\/v2\/product_brand?post=13645"},{"taxonomy":"product_cat","embeddable":true,"href":"https:\/\/algohits.com\/loja\/wp-json\/wp\/v2\/product_cat?post=13645"},{"taxonomy":"product_tag","embeddable":true,"href":"https:\/\/algohits.com\/loja\/wp-json\/wp\/v2\/product_tag?post=13645"},{"taxonomy":"artista","embeddable":true,"href":"https:\/\/algohits.com\/loja\/wp-json\/wp\/v2\/artista?post=13645"},{"taxonomy":"parceiro","embeddable":true,"href":"https:\/\/algohits.com\/loja\/wp-json\/wp\/v2\/parceiro?post=13645"}],"curies":[{"name":"wp","href":"https:\/\/api.w.org\/{rel}","templated":true}]}}