{"id":13592,"date":"2024-01-15T12:37:14","date_gmt":"2024-01-15T15:37:14","guid":{"rendered":"https:\/\/algohits.com\/loja\/?post_type=product&#038;p=13592"},"modified":"2026-03-05T00:29:17","modified_gmt":"2026-03-05T03:29:17","slug":"corta-vento-brasao-dead-fish","status":"publish","type":"product","link":"https:\/\/algohits.com\/loja\/produto\/corta-vento-brasao-dead-fish\/","title":{"rendered":"Corta Vento Bras\u00e3o &#8211; Dead Fish"},"content":{"rendered":"<p>A cole\u00e7\u00e3o Dead Fish x Algohits apresentando pe\u00e7as especialmente desenvolvidas para o disco &#8220;Labirinto da Mem\u00f3ria&#8221; e pe\u00e7as cl\u00e1ssicas para f\u00e3s de todas as gera\u00e7\u00f5es.<\/p>\n","protected":false},"excerpt":{"rendered":"<p>A cole\u00e7\u00e3o Dead Fish x Algohits apresentando pe\u00e7as especialmente desenvolvidas para o disco &#8220;Labirinto da Mem\u00f3ria&#8221; e pe\u00e7as cl\u00e1ssicas para f\u00e3s de [&hellip;]<\/p>\n","protected":false},"featured_media":14065,"template":"","meta":[],"product_brand":[],"product_cat":[128,139],"product_tag":[],"artista":[120],"parceiro":[],"class_list":{"0":"post-13592","1":"product","2":"type-product","3":"status-publish","4":"has-post-thumbnail","6":"product_cat-corta-vento","7":"product_cat-sale","8":"artista-dead-fish","10":"first","11":"instock","12":"shipping-taxable","13":"purchasable","14":"product-type-variable"},"_links":{"self":[{"href":"https:\/\/algohits.com\/loja\/wp-json\/wp\/v2\/product\/13592","targetHints":{"allow":["GET"]}}],"collection":[{"href":"https:\/\/algohits.com\/loja\/wp-json\/wp\/v2\/product"}],"about":[{"href":"https:\/\/algohits.com\/loja\/wp-json\/wp\/v2\/types\/product"}],"wp:featuredmedia":[{"embeddable":true,"href":"https:\/\/algohits.com\/loja\/wp-json\/wp\/v2\/media\/14065"}],"wp:attachment":[{"href":"https:\/\/algohits.com\/loja\/wp-json\/wp\/v2\/media?parent=13592"}],"wp:term":[{"taxonomy":"product_brand","embeddable":true,"href":"https:\/\/algohits.com\/loja\/wp-json\/wp\/v2\/product_brand?post=13592"},{"taxonomy":"product_cat","embeddable":true,"href":"https:\/\/algohits.com\/loja\/wp-json\/wp\/v2\/product_cat?post=13592"},{"taxonomy":"product_tag","embeddable":true,"href":"https:\/\/algohits.com\/loja\/wp-json\/wp\/v2\/product_tag?post=13592"},{"taxonomy":"artista","embeddable":true,"href":"https:\/\/algohits.com\/loja\/wp-json\/wp\/v2\/artista?post=13592"},{"taxonomy":"parceiro","embeddable":true,"href":"https:\/\/algohits.com\/loja\/wp-json\/wp\/v2\/parceiro?post=13592"}],"curies":[{"name":"wp","href":"https:\/\/api.w.org\/{rel}","templated":true}]}}