{"id":13577,"date":"2024-01-15T12:29:08","date_gmt":"2024-01-15T15:29:08","guid":{"rendered":"https:\/\/algohits.com\/loja\/?post_type=product&#038;p=13577"},"modified":"2026-01-07T09:54:40","modified_gmt":"2026-01-07T12:54:40","slug":"bone-5-panel-dead-fish","status":"publish","type":"product","link":"https:\/\/algohits.com\/loja\/produto\/bone-5-panel-dead-fish\/","title":{"rendered":"Bon\u00e9 5 Panel &#8211; Dead Fish"},"content":{"rendered":"<p>A cole\u00e7\u00e3o Dead Fish x Algohits apresentando pe\u00e7as especialmente desenvolvidas para o disco &#8220;Labirinto da Mem\u00f3ria&#8221; e pe\u00e7as cl\u00e1ssicas para f\u00e3s de todas as gera\u00e7\u00f5es.<\/p>\n","protected":false},"excerpt":{"rendered":"<p>A cole\u00e7\u00e3o Dead Fish x Algohits apresentando pe\u00e7as especialmente desenvolvidas para o disco &#8220;Labirinto da Mem\u00f3ria&#8221; e pe\u00e7as cl\u00e1ssicas para f\u00e3s de [&hellip;]<\/p>\n","protected":false},"featured_media":16778,"template":"","meta":[],"product_brand":[],"product_cat":[118],"product_tag":[],"artista":[120],"parceiro":[],"class_list":{"0":"post-13577","1":"product","2":"type-product","3":"status-publish","4":"has-post-thumbnail","6":"product_cat-bone","7":"artista-dead-fish","9":"first","10":"instock","11":"shipping-taxable","12":"product-type-variable"},"_links":{"self":[{"href":"https:\/\/algohits.com\/loja\/wp-json\/wp\/v2\/product\/13577","targetHints":{"allow":["GET"]}}],"collection":[{"href":"https:\/\/algohits.com\/loja\/wp-json\/wp\/v2\/product"}],"about":[{"href":"https:\/\/algohits.com\/loja\/wp-json\/wp\/v2\/types\/product"}],"wp:featuredmedia":[{"embeddable":true,"href":"https:\/\/algohits.com\/loja\/wp-json\/wp\/v2\/media\/16778"}],"wp:attachment":[{"href":"https:\/\/algohits.com\/loja\/wp-json\/wp\/v2\/media?parent=13577"}],"wp:term":[{"taxonomy":"product_brand","embeddable":true,"href":"https:\/\/algohits.com\/loja\/wp-json\/wp\/v2\/product_brand?post=13577"},{"taxonomy":"product_cat","embeddable":true,"href":"https:\/\/algohits.com\/loja\/wp-json\/wp\/v2\/product_cat?post=13577"},{"taxonomy":"product_tag","embeddable":true,"href":"https:\/\/algohits.com\/loja\/wp-json\/wp\/v2\/product_tag?post=13577"},{"taxonomy":"artista","embeddable":true,"href":"https:\/\/algohits.com\/loja\/wp-json\/wp\/v2\/artista?post=13577"},{"taxonomy":"parceiro","embeddable":true,"href":"https:\/\/algohits.com\/loja\/wp-json\/wp\/v2\/parceiro?post=13577"}],"curies":[{"name":"wp","href":"https:\/\/api.w.org\/{rel}","templated":true}]}}