{"id":13440,"date":"2023-11-29T13:05:17","date_gmt":"2023-11-29T16:05:17","guid":{"rendered":"https:\/\/algohits.com\/loja\/?post_type=product&#038;p=13440"},"modified":"2025-11-13T10:01:48","modified_gmt":"2025-11-13T13:01:48","slug":"camiseta-album-plutao-ja-foi-planeta","status":"publish","type":"product","link":"https:\/\/algohits.com\/loja\/produto\/camiseta-album-plutao-ja-foi-planeta\/","title":{"rendered":"Camiseta \u00c1lbum Plut\u00e3o J\u00e1 Foi Planeta"},"content":{"rendered":"<p>Cole\u00e7\u00e3o Interplanet\u00e1ria PJFP x Algohits apresentando artes voltadas para o novo trabalho de est\u00fadio da banda<\/p>\n<p>Composi\u00e7\u00e3o 100% algod\u00e3o<\/p>\n","protected":false},"excerpt":{"rendered":"<p>Cole\u00e7\u00e3o Interplanet\u00e1ria PJFP x Algohits apresentando artes voltadas para o novo trabalho de est\u00fadio da banda Composi\u00e7\u00e3o 100% algod\u00e3o<\/p>\n","protected":false},"featured_media":14189,"template":"","meta":[],"product_brand":[],"product_cat":[90,139],"product_tag":[],"artista":[94],"parceiro":[],"class_list":{"0":"post-13440","1":"product","2":"type-product","3":"status-publish","4":"has-post-thumbnail","6":"product_cat-camiseta","7":"product_cat-sale","8":"artista-plutao-ja-foi-planeta","10":"first","11":"instock","12":"shipping-taxable","13":"purchasable","14":"product-type-variable"},"_links":{"self":[{"href":"https:\/\/algohits.com\/loja\/wp-json\/wp\/v2\/product\/13440","targetHints":{"allow":["GET"]}}],"collection":[{"href":"https:\/\/algohits.com\/loja\/wp-json\/wp\/v2\/product"}],"about":[{"href":"https:\/\/algohits.com\/loja\/wp-json\/wp\/v2\/types\/product"}],"wp:featuredmedia":[{"embeddable":true,"href":"https:\/\/algohits.com\/loja\/wp-json\/wp\/v2\/media\/14189"}],"wp:attachment":[{"href":"https:\/\/algohits.com\/loja\/wp-json\/wp\/v2\/media?parent=13440"}],"wp:term":[{"taxonomy":"product_brand","embeddable":true,"href":"https:\/\/algohits.com\/loja\/wp-json\/wp\/v2\/product_brand?post=13440"},{"taxonomy":"product_cat","embeddable":true,"href":"https:\/\/algohits.com\/loja\/wp-json\/wp\/v2\/product_cat?post=13440"},{"taxonomy":"product_tag","embeddable":true,"href":"https:\/\/algohits.com\/loja\/wp-json\/wp\/v2\/product_tag?post=13440"},{"taxonomy":"artista","embeddable":true,"href":"https:\/\/algohits.com\/loja\/wp-json\/wp\/v2\/artista?post=13440"},{"taxonomy":"parceiro","embeddable":true,"href":"https:\/\/algohits.com\/loja\/wp-json\/wp\/v2\/parceiro?post=13440"}],"curies":[{"name":"wp","href":"https:\/\/api.w.org\/{rel}","templated":true}]}}