{"id":13330,"date":"2023-11-02T13:23:15","date_gmt":"2023-11-02T16:23:15","guid":{"rendered":"https:\/\/algohits.com\/loja\/?post_type=product&#038;p=13330"},"modified":"2026-02-23T16:24:53","modified_gmt":"2026-02-23T19:24:53","slug":"bone-5-panel-vacilo-metade-de-mim","status":"publish","type":"product","link":"https:\/\/algohits.com\/loja\/produto\/bone-5-panel-vacilo-metade-de-mim\/","title":{"rendered":"Bon\u00e9 5 Panel Vacilo &#8211; Metade de Mim"},"content":{"rendered":"<p>A cole\u00e7\u00e3o Metade de Mim x Algohits apresentando pe\u00e7as com estampas criadas para a banda<\/p>\n","protected":false},"excerpt":{"rendered":"<p>A cole\u00e7\u00e3o Metade de Mim x Algohits apresentando pe\u00e7as com estampas criadas para a banda<\/p>\n","protected":false},"featured_media":16952,"template":"","meta":[],"product_brand":[],"product_cat":[118],"product_tag":[],"artista":[104],"parceiro":[],"class_list":{"0":"post-13330","1":"product","2":"type-product","3":"status-publish","4":"has-post-thumbnail","6":"product_cat-bone","7":"artista-metade-de-mim","9":"first","10":"instock","11":"shipping-taxable","12":"purchasable","13":"product-type-variable"},"_links":{"self":[{"href":"https:\/\/algohits.com\/loja\/wp-json\/wp\/v2\/product\/13330","targetHints":{"allow":["GET"]}}],"collection":[{"href":"https:\/\/algohits.com\/loja\/wp-json\/wp\/v2\/product"}],"about":[{"href":"https:\/\/algohits.com\/loja\/wp-json\/wp\/v2\/types\/product"}],"wp:featuredmedia":[{"embeddable":true,"href":"https:\/\/algohits.com\/loja\/wp-json\/wp\/v2\/media\/16952"}],"wp:attachment":[{"href":"https:\/\/algohits.com\/loja\/wp-json\/wp\/v2\/media?parent=13330"}],"wp:term":[{"taxonomy":"product_brand","embeddable":true,"href":"https:\/\/algohits.com\/loja\/wp-json\/wp\/v2\/product_brand?post=13330"},{"taxonomy":"product_cat","embeddable":true,"href":"https:\/\/algohits.com\/loja\/wp-json\/wp\/v2\/product_cat?post=13330"},{"taxonomy":"product_tag","embeddable":true,"href":"https:\/\/algohits.com\/loja\/wp-json\/wp\/v2\/product_tag?post=13330"},{"taxonomy":"artista","embeddable":true,"href":"https:\/\/algohits.com\/loja\/wp-json\/wp\/v2\/artista?post=13330"},{"taxonomy":"parceiro","embeddable":true,"href":"https:\/\/algohits.com\/loja\/wp-json\/wp\/v2\/parceiro?post=13330"}],"curies":[{"name":"wp","href":"https:\/\/api.w.org\/{rel}","templated":true}]}}