{"id":13155,"date":"2023-10-16T10:00:14","date_gmt":"2023-10-16T13:00:14","guid":{"rendered":"https:\/\/algohits.com\/loja\/?post_type=product&#038;p=13155"},"modified":"2025-11-11T14:34:52","modified_gmt":"2025-11-11T17:34:52","slug":"camiseta-nao-faco-trap-magrolismc","status":"publish","type":"product","link":"https:\/\/algohits.com\/loja\/produto\/camiseta-nao-faco-trap-magrolismc\/","title":{"rendered":"Camiseta N\u00e3o Fa\u00e7o TRAP &#8211; MagrolisMC"},"content":{"rendered":"<p>A cole\u00e7\u00e3o MagrolisMC x Algohits apresentando pe\u00e7as exclusivas criadas para faixas do album Ins\u00f3lito<\/p>\n<p>Composi\u00e7\u00e3o 100% algod\u00e3o<\/p>\n","protected":false},"excerpt":{"rendered":"<p>A cole\u00e7\u00e3o MagrolisMC x Algohits apresentando pe\u00e7as exclusivas criadas para faixas do album Ins\u00f3lito Composi\u00e7\u00e3o 100% algod\u00e3o<\/p>\n","protected":false},"featured_media":14705,"template":"","meta":[],"product_brand":[],"product_cat":[90,139],"product_tag":[],"artista":[115],"parceiro":[],"class_list":{"0":"post-13155","1":"product","2":"type-product","3":"status-publish","4":"has-post-thumbnail","6":"product_cat-camiseta","7":"product_cat-sale","8":"artista-magrolismc","10":"first","11":"instock","12":"shipping-taxable","13":"purchasable","14":"product-type-variable"},"_links":{"self":[{"href":"https:\/\/algohits.com\/loja\/wp-json\/wp\/v2\/product\/13155","targetHints":{"allow":["GET"]}}],"collection":[{"href":"https:\/\/algohits.com\/loja\/wp-json\/wp\/v2\/product"}],"about":[{"href":"https:\/\/algohits.com\/loja\/wp-json\/wp\/v2\/types\/product"}],"wp:featuredmedia":[{"embeddable":true,"href":"https:\/\/algohits.com\/loja\/wp-json\/wp\/v2\/media\/14705"}],"wp:attachment":[{"href":"https:\/\/algohits.com\/loja\/wp-json\/wp\/v2\/media?parent=13155"}],"wp:term":[{"taxonomy":"product_brand","embeddable":true,"href":"https:\/\/algohits.com\/loja\/wp-json\/wp\/v2\/product_brand?post=13155"},{"taxonomy":"product_cat","embeddable":true,"href":"https:\/\/algohits.com\/loja\/wp-json\/wp\/v2\/product_cat?post=13155"},{"taxonomy":"product_tag","embeddable":true,"href":"https:\/\/algohits.com\/loja\/wp-json\/wp\/v2\/product_tag?post=13155"},{"taxonomy":"artista","embeddable":true,"href":"https:\/\/algohits.com\/loja\/wp-json\/wp\/v2\/artista?post=13155"},{"taxonomy":"parceiro","embeddable":true,"href":"https:\/\/algohits.com\/loja\/wp-json\/wp\/v2\/parceiro?post=13155"}],"curies":[{"name":"wp","href":"https:\/\/api.w.org\/{rel}","templated":true}]}}