{"id":13146,"date":"2023-10-16T09:56:32","date_gmt":"2023-10-16T12:56:32","guid":{"rendered":"https:\/\/algohits.com\/loja\/?post_type=product&#038;p=13146"},"modified":"2026-03-15T23:10:40","modified_gmt":"2026-03-16T02:10:40","slug":"camiseta-ziplock-magrolismc","status":"publish","type":"product","link":"https:\/\/algohits.com\/loja\/produto\/camiseta-ziplock-magrolismc\/","title":{"rendered":"Camiseta Ziplock &#8211; MagrolisMC"},"content":{"rendered":"<p>A cole\u00e7\u00e3o MagrolisMC x Algohits apresentando pe\u00e7as exclusivas criadas para faixas do album Ins\u00f3lito<\/p>\n<p>Composi\u00e7\u00e3o 100% algod\u00e3o<\/p>\n","protected":false},"excerpt":{"rendered":"<p>A cole\u00e7\u00e3o MagrolisMC x Algohits apresentando pe\u00e7as exclusivas criadas para faixas do album Ins\u00f3lito Composi\u00e7\u00e3o 100% algod\u00e3o<\/p>\n","protected":false},"featured_media":14709,"template":"","meta":[],"product_brand":[],"product_cat":[90,139],"product_tag":[],"artista":[115],"parceiro":[],"class_list":{"0":"post-13146","1":"product","2":"type-product","3":"status-publish","4":"has-post-thumbnail","6":"product_cat-camiseta","7":"product_cat-sale","8":"artista-magrolismc","10":"first","11":"instock","12":"shipping-taxable","13":"purchasable","14":"product-type-variable"},"_links":{"self":[{"href":"https:\/\/algohits.com\/loja\/wp-json\/wp\/v2\/product\/13146","targetHints":{"allow":["GET"]}}],"collection":[{"href":"https:\/\/algohits.com\/loja\/wp-json\/wp\/v2\/product"}],"about":[{"href":"https:\/\/algohits.com\/loja\/wp-json\/wp\/v2\/types\/product"}],"wp:featuredmedia":[{"embeddable":true,"href":"https:\/\/algohits.com\/loja\/wp-json\/wp\/v2\/media\/14709"}],"wp:attachment":[{"href":"https:\/\/algohits.com\/loja\/wp-json\/wp\/v2\/media?parent=13146"}],"wp:term":[{"taxonomy":"product_brand","embeddable":true,"href":"https:\/\/algohits.com\/loja\/wp-json\/wp\/v2\/product_brand?post=13146"},{"taxonomy":"product_cat","embeddable":true,"href":"https:\/\/algohits.com\/loja\/wp-json\/wp\/v2\/product_cat?post=13146"},{"taxonomy":"product_tag","embeddable":true,"href":"https:\/\/algohits.com\/loja\/wp-json\/wp\/v2\/product_tag?post=13146"},{"taxonomy":"artista","embeddable":true,"href":"https:\/\/algohits.com\/loja\/wp-json\/wp\/v2\/artista?post=13146"},{"taxonomy":"parceiro","embeddable":true,"href":"https:\/\/algohits.com\/loja\/wp-json\/wp\/v2\/parceiro?post=13146"}],"curies":[{"name":"wp","href":"https:\/\/api.w.org\/{rel}","templated":true}]}}