{"id":12888,"date":"2023-08-14T10:18:07","date_gmt":"2023-08-14T13:18:07","guid":{"rendered":"https:\/\/algohits.com\/loja\/?post_type=product&#038;p=12888"},"modified":"2026-02-14T00:03:37","modified_gmt":"2026-02-14T03:03:37","slug":"camiseta-monstro-plutao-ja-foi-planeta","status":"publish","type":"product","link":"https:\/\/algohits.com\/loja\/produto\/camiseta-monstro-plutao-ja-foi-planeta\/","title":{"rendered":"Camiseta Monstro &#8211; Plut\u00e3o J\u00e1 Foi Planeta"},"content":{"rendered":"<p>Cole\u00e7\u00e3o Interplanet\u00e1ria PJFP x Algohits apresentando artes voltadas para o novo trabalho de est\u00fadio da banda<\/p>\n<p>Composi\u00e7\u00e3o 100% algod\u00e3o<\/p>\n","protected":false},"excerpt":{"rendered":"<p>Cole\u00e7\u00e3o Interplanet\u00e1ria PJFP x Algohits apresentando artes voltadas para o novo trabalho de est\u00fadio da banda Composi\u00e7\u00e3o 100% algod\u00e3o<\/p>\n","protected":false},"featured_media":12889,"template":"","meta":[],"product_brand":[],"product_cat":[90,139],"product_tag":[],"artista":[94],"parceiro":[],"class_list":{"0":"post-12888","1":"product","2":"type-product","3":"status-publish","4":"has-post-thumbnail","6":"product_cat-camiseta","7":"product_cat-sale","8":"artista-plutao-ja-foi-planeta","10":"first","11":"instock","12":"shipping-taxable","13":"purchasable","14":"product-type-variable"},"_links":{"self":[{"href":"https:\/\/algohits.com\/loja\/wp-json\/wp\/v2\/product\/12888","targetHints":{"allow":["GET"]}}],"collection":[{"href":"https:\/\/algohits.com\/loja\/wp-json\/wp\/v2\/product"}],"about":[{"href":"https:\/\/algohits.com\/loja\/wp-json\/wp\/v2\/types\/product"}],"wp:featuredmedia":[{"embeddable":true,"href":"https:\/\/algohits.com\/loja\/wp-json\/wp\/v2\/media\/12889"}],"wp:attachment":[{"href":"https:\/\/algohits.com\/loja\/wp-json\/wp\/v2\/media?parent=12888"}],"wp:term":[{"taxonomy":"product_brand","embeddable":true,"href":"https:\/\/algohits.com\/loja\/wp-json\/wp\/v2\/product_brand?post=12888"},{"taxonomy":"product_cat","embeddable":true,"href":"https:\/\/algohits.com\/loja\/wp-json\/wp\/v2\/product_cat?post=12888"},{"taxonomy":"product_tag","embeddable":true,"href":"https:\/\/algohits.com\/loja\/wp-json\/wp\/v2\/product_tag?post=12888"},{"taxonomy":"artista","embeddable":true,"href":"https:\/\/algohits.com\/loja\/wp-json\/wp\/v2\/artista?post=12888"},{"taxonomy":"parceiro","embeddable":true,"href":"https:\/\/algohits.com\/loja\/wp-json\/wp\/v2\/parceiro?post=12888"}],"curies":[{"name":"wp","href":"https:\/\/api.w.org\/{rel}","templated":true}]}}