{"id":12510,"date":"2023-06-27T11:03:12","date_gmt":"2023-06-27T14:03:12","guid":{"rendered":"https:\/\/algohits.com\/loja\/?post_type=product&#038;p=12510"},"modified":"2025-06-20T05:02:50","modified_gmt":"2025-06-20T08:02:50","slug":"camiseta-astrounauta-plutao-ja-foi-planeta","status":"publish","type":"product","link":"https:\/\/algohits.com\/loja\/produto\/camiseta-astrounauta-plutao-ja-foi-planeta\/","title":{"rendered":"Camiseta Astronauta &#8211; Plut\u00e3o J\u00e1 Foi Planeta"},"content":{"rendered":"<p>Cole\u00e7\u00e3o Interplanet\u00e1ria PJFP x Algohits apresentando artes voltadas para o novo trabalho de est\u00fadio da banda.<\/p>\n","protected":false},"excerpt":{"rendered":"<p>Cole\u00e7\u00e3o Interplanet\u00e1ria PJFP x Algohits apresentando artes voltadas para o novo trabalho de est\u00fadio da banda.<\/p>\n","protected":false},"featured_media":14193,"template":"","meta":[],"product_brand":[],"product_cat":[90,139],"product_tag":[],"artista":[94],"parceiro":[],"class_list":{"0":"post-12510","1":"product","2":"type-product","3":"status-publish","4":"has-post-thumbnail","6":"product_cat-camiseta","7":"product_cat-sale","8":"artista-plutao-ja-foi-planeta","10":"first","11":"instock","12":"shipping-taxable","13":"purchasable","14":"product-type-variable"},"_links":{"self":[{"href":"https:\/\/algohits.com\/loja\/wp-json\/wp\/v2\/product\/12510","targetHints":{"allow":["GET"]}}],"collection":[{"href":"https:\/\/algohits.com\/loja\/wp-json\/wp\/v2\/product"}],"about":[{"href":"https:\/\/algohits.com\/loja\/wp-json\/wp\/v2\/types\/product"}],"wp:featuredmedia":[{"embeddable":true,"href":"https:\/\/algohits.com\/loja\/wp-json\/wp\/v2\/media\/14193"}],"wp:attachment":[{"href":"https:\/\/algohits.com\/loja\/wp-json\/wp\/v2\/media?parent=12510"}],"wp:term":[{"taxonomy":"product_brand","embeddable":true,"href":"https:\/\/algohits.com\/loja\/wp-json\/wp\/v2\/product_brand?post=12510"},{"taxonomy":"product_cat","embeddable":true,"href":"https:\/\/algohits.com\/loja\/wp-json\/wp\/v2\/product_cat?post=12510"},{"taxonomy":"product_tag","embeddable":true,"href":"https:\/\/algohits.com\/loja\/wp-json\/wp\/v2\/product_tag?post=12510"},{"taxonomy":"artista","embeddable":true,"href":"https:\/\/algohits.com\/loja\/wp-json\/wp\/v2\/artista?post=12510"},{"taxonomy":"parceiro","embeddable":true,"href":"https:\/\/algohits.com\/loja\/wp-json\/wp\/v2\/parceiro?post=12510"}],"curies":[{"name":"wp","href":"https:\/\/api.w.org\/{rel}","templated":true}]}}