{"id":14274,"date":"2024-03-26T13:48:07","date_gmt":"2024-03-26T16:48:07","guid":{"rendered":"https:\/\/algohits.com\/loja\/?page_id=14274"},"modified":"2024-06-11T09:38:22","modified_gmt":"2024-06-11T12:38:22","slug":"contato","status":"publish","type":"page","link":"https:\/\/algohits.com\/loja\/contato\/","title":{"rendered":"Contato"},"content":{"rendered":"\t\t<div data-elementor-type=\"wp-page\" data-elementor-id=\"14274\" class=\"elementor elementor-14274\" data-elementor-post-type=\"page\">\n\t\t\t\t\t\t<section class=\"elementor-section elementor-top-section elementor-element elementor-element-7ff9f2c elementor-section-full_width elementor-section-height-default elementor-section-height-default\" data-id=\"7ff9f2c\" data-element_type=\"section\" data-e-type=\"section\" id=\"secaoPrincipalTexto\">\n\t\t\t\t\t\t<div class=\"elementor-container elementor-column-gap-default\">\n\t\t\t\t\t<div class=\"elementor-column elementor-col-100 elementor-top-column elementor-element elementor-element-8d7e815\" data-id=\"8d7e815\" data-element_type=\"column\" data-e-type=\"column\">\n\t\t\t<div class=\"elementor-widget-wrap elementor-element-populated\">\n\t\t\t\t\t\t<section class=\"elementor-section elementor-inner-section elementor-element elementor-element-5954de9 elementor-section-full_width elementor-section-height-default elementor-section-height-default\" data-id=\"5954de9\" data-element_type=\"section\" data-e-type=\"section\" id=\"headerPage\">\n\t\t\t\t\t\t<div class=\"elementor-container elementor-column-gap-default\">\n\t\t\t\t\t<div class=\"elementor-column elementor-col-100 elementor-inner-column elementor-element elementor-element-60f87a8\" data-id=\"60f87a8\" data-element_type=\"column\" data-e-type=\"column\">\n\t\t\t<div class=\"elementor-widget-wrap elementor-element-populated\">\n\t\t\t\t\t\t<div class=\"elementor-element elementor-element-bf08225 elementor-widget elementor-widget-theme-post-title elementor-page-title elementor-widget-heading\" data-id=\"bf08225\" data-element_type=\"widget\" data-e-type=\"widget\" data-widget_type=\"theme-post-title.default\">\n\t\t\t\t<div class=\"elementor-widget-container\">\n\t\t\t\t\t<h1 class=\"elementor-heading-title elementor-size-default\">Contato<\/h1>\t\t\t\t<\/div>\n\t\t\t\t<\/div>\n\t\t\t\t\t<\/div>\n\t\t<\/div>\n\t\t\t\t\t<\/div>\n\t\t<\/section>\n\t\t\t\t<section class=\"elementor-section elementor-inner-section elementor-element elementor-element-e03394e elementor-section-full_width elementor-section-height-default elementor-section-height-default\" data-id=\"e03394e\" data-element_type=\"section\" data-e-type=\"section\" id=\"ContentPage\">\n\t\t\t\t\t\t<div class=\"elementor-container elementor-column-gap-default\">\n\t\t\t\t\t<div class=\"elementor-column elementor-col-100 elementor-inner-column elementor-element elementor-element-5b6ac8b\" data-id=\"5b6ac8b\" data-element_type=\"column\" data-e-type=\"column\">\n\t\t\t<div class=\"elementor-widget-wrap elementor-element-populated\">\n\t\t\t\t\t\t<div class=\"elementor-element elementor-element-72f5b0b elementor-widget elementor-widget-text-editor\" data-id=\"72f5b0b\" data-element_type=\"widget\" data-e-type=\"widget\" data-widget_type=\"text-editor.default\">\n\t\t\t\t<div class=\"elementor-widget-container\">\n\t\t\t\t\t\t\t\t\t<h2>ATENDIMENTO AO CLIENTE<\/h2><p>Caso precise de ajuda com pedidos, trocas ou reembolsos, entre em contato atrav\u00e9s do e-mail <a class=\"linkSac\" href=\"mailto:sac@algohits.com\"><strong>sac@algohits.com<\/strong><\/a> informando o n\u00famero do pedido e uma breve descri\u00e7\u00e3o do seu problema.<\/p><h2>TROCA E REEMBOLSO<\/h2><p>Voc\u00ea pode encontrar mais informa\u00e7\u00f5es sobre trocas e reembolso em nossa p\u00e1gina de <a href=\"\/loja\/politica-de-troca-e-reembolso\/\">pol\u00edtica de troca e reembolso<\/a>.<\/p><h2>ENVIO E PAGAMENTO<\/h2><p>Para informa\u00e7\u00f5es sobre envio, prazos, valor de frete e formas de pagamento confira nossa p\u00e1gina de <a href=\"\/loja\/politica-de-envio\/\">pol\u00edtica de envios e pagamento<\/a>.<\/p><div class=\"btnVoltar\">Voltar a home<\/div>\t\t\t\t\t\t\t\t<\/div>\n\t\t\t\t<\/div>\n\t\t\t\t\t<\/div>\n\t\t<\/div>\n\t\t\t\t\t<\/div>\n\t\t<\/section>\n\t\t\t\t\t<\/div>\n\t\t<\/div>\n\t\t\t\t\t<\/div>\n\t\t<\/section>\n\t\t\t\t<\/div>\n\t\t","protected":false},"excerpt":{"rendered":"<p>ATENDIMENTO AO CLIENTE Caso precise de ajuda com pedidos, trocas ou reembolsos, entre em contato atrav\u00e9s do e-mail sac@algohits.com informando o n\u00famero [&hellip;]<\/p>\n","protected":false},"author":1,"featured_media":0,"parent":0,"menu_order":0,"comment_status":"closed","ping_status":"closed","template":"","meta":{"footnotes":""},"class_list":["post-14274","page","type-page","status-publish","hentry"],"_links":{"self":[{"href":"https:\/\/algohits.com\/loja\/wp-json\/wp\/v2\/pages\/14274","targetHints":{"allow":["GET"]}}],"collection":[{"href":"https:\/\/algohits.com\/loja\/wp-json\/wp\/v2\/pages"}],"about":[{"href":"https:\/\/algohits.com\/loja\/wp-json\/wp\/v2\/types\/page"}],"author":[{"embeddable":true,"href":"https:\/\/algohits.com\/loja\/wp-json\/wp\/v2\/users\/1"}],"replies":[{"embeddable":true,"href":"https:\/\/algohits.com\/loja\/wp-json\/wp\/v2\/comments?post=14274"}],"version-history":[{"count":7,"href":"https:\/\/algohits.com\/loja\/wp-json\/wp\/v2\/pages\/14274\/revisions"}],"predecessor-version":[{"id":16219,"href":"https:\/\/algohits.com\/loja\/wp-json\/wp\/v2\/pages\/14274\/revisions\/16219"}],"wp:attachment":[{"href":"https:\/\/algohits.com\/loja\/wp-json\/wp\/v2\/media?parent=14274"}],"curies":[{"name":"wp","href":"https:\/\/api.w.org\/{rel}","templated":true}]}}